{"id":66,"date":"2019-08-07T13:23:10","date_gmt":"2019-08-07T11:23:10","guid":{"rendered":"https:\/\/naturdent.eu\/hilfe\/"},"modified":"2019-09-03T09:59:38","modified_gmt":"2019-09-03T07:59:38","slug":"hilfe","status":"publish","type":"page","link":"https:\/\/naturdent.eu\/de\/hilfe\/","title":{"rendered":"Hilfe"},"content":{"rendered":"<p><div class=\"fusion-fullwidth fullwidth-box fusion-builder-row-1 nonhundred-percent-fullwidth non-hundred-percent-height-scrolling\" style=\"--awb-border-radius-top-left:0px;--awb-border-radius-top-right:0px;--awb-border-radius-bottom-right:0px;--awb-border-radius-bottom-left:0px;--awb-margin-bottom:50px;--awb-flex-wrap:wrap;\" ><div class=\"fusion-builder-row fusion-row\"><div class=\"fusion-layout-column fusion_builder_column fusion-builder-column-0 fusion_builder_column_1_1 1_1 fusion-one-full fusion-column-first fusion-column-last fusion-animated\" style=\"--awb-bg-size:cover;\" data-animationType=\"fadeInUp\" data-animationDuration=\"0.5\" data-animationOffset=\"top-into-view\"><div class=\"fusion-column-wrapper fusion-column-has-shadow fusion-flex-column-wrapper-legacy\"><div class=\"fusion-title title fusion-title-1 sep-underline sep-solid fusion-title-text fusion-title-size-one\" style=\"--awb-text-color:#8bc34a;--awb-margin-top-small:0px;--awb-margin-right-small:0px;--awb-margin-bottom-small:20px;--awb-margin-left-small:0px;\"><h1 class=\"fusion-title-heading title-heading-left\" style=\"margin:0;\">Hilfe<\/h1><\/div><div class=\"fusion-text fusion-text-1\"><h3>H\u00e4ufig gestellte Fragen:<\/h3>\n<\/div><div class=\"accordian fusion-accordian\" style=\"--awb-border-size:1px;--awb-icon-size:13px;--awb-content-font-size:16px;--awb-icon-alignment:left;--awb-hover-color:#f9f9f9;--awb-border-color:#cccccc;--awb-background-color:#ffffff;--awb-divider-color:#e0dede;--awb-divider-hover-color:#e0dede;--awb-icon-color:#8bc34a;--awb-title-color:#8bc34a;--awb-content-color:#747474;--awb-icon-box-color:#333333;--awb-toggle-hover-accent-color:#ffc107;--awb-title-font-family:&quot;Nunito&quot;;--awb-title-font-weight:regular;--awb-title-font-style:normal;--awb-title-font-size:20px;--awb-content-font-family:&quot;Nunito&quot;;--awb-content-font-style:normal;--awb-content-font-weight:regular;\"><div class=\"panel-group fusion-toggle-icon-unboxed\" id=\"accordion-66-1\"><div class=\"fusion-panel panel-default panel-4db13f96661a80540 fusion-toggle-no-divider fusion-toggle-boxed-mode\"><div class=\"panel-heading\"><h4 class=\"panel-title toggle\" id=\"toggle_4db13f96661a80540\"><a aria-expanded=\"false\" aria-controls=\"4db13f96661a80540\" role=\"button\" data-toggle=\"collapse\" data-parent=\"#accordion-66-1\" data-target=\"#4db13f96661a80540\" href=\"#4db13f96661a80540\"><span class=\"fusion-toggle-icon-wrapper\" aria-hidden=\"true\"><i class=\"fa-fusion-box active-icon awb-icon-minus\" aria-hidden=\"true\"><\/i><i class=\"fa-fusion-box inactive-icon awb-icon-plus\" aria-hidden=\"true\"><\/i><\/span><span class=\"fusion-toggle-heading\"> Kann die NaturDent Haftcreme wie ein herk\u00f6mmliches Zahnprothesen-Haftmittel verwendet werden?<\/span><\/a><\/h4><\/div><div id=\"4db13f96661a80540\" class=\"panel-collapse collapse \" aria-labelledby=\"toggle_4db13f96661a80540\"><div class=\"panel-body toggle-content fusion-clearfix\">\n<p>Die NaturDent Haftcreme ist weltweit das einzige wasserunl\u00f6sliche Haftmittel f\u00fcr Zahnprothesen aus 100% Lebensmittelinhaltsstoffen. Somit ist eine geringere Menge ausreichend weniger ist mehr mit NaturDent. Weniger Haftcreme \u2013 l\u00e4ngere Haftkraft. NaturDent Haftcreme muss auf der sauberen und komplett trockenen Prothese aufgetragen werden. NaturDent hat, bedingt durch seine Zusammensetzung, eine h\u00f6here Viskosit\u00e4t im Vergleich zu herk\u00f6mmlichen Haftmitteln, somit ist eine geringere Menge ausreichend. Mit einer Anwendung h\u00e4lt die Prothese den ganzen Tag lang. NaturDent ist wasserunl\u00f6slich \u2013 es reicht eine Anwendung pro Tag.<\/p>\n<\/div><\/div><\/div><div class=\"fusion-panel panel-default panel-998b660ef03d2277c fusion-toggle-no-divider fusion-toggle-boxed-mode\"><div class=\"panel-heading\"><h4 class=\"panel-title toggle\" id=\"toggle_998b660ef03d2277c\"><a aria-expanded=\"false\" aria-controls=\"998b660ef03d2277c\" role=\"button\" data-toggle=\"collapse\" data-parent=\"#accordion-66-1\" data-target=\"#998b660ef03d2277c\" href=\"#998b660ef03d2277c\"><span class=\"fusion-toggle-icon-wrapper\" aria-hidden=\"true\"><i class=\"fa-fusion-box active-icon awb-icon-minus\" aria-hidden=\"true\"><\/i><i class=\"fa-fusion-box inactive-icon awb-icon-plus\" aria-hidden=\"true\"><\/i><\/span><span class=\"fusion-toggle-heading\"> NaturDent ist nicht wasserl\u00f6slich, wie kann die Prothese entfernt werden?<\/span><\/a><\/h4><\/div><div id=\"998b660ef03d2277c\" class=\"panel-collapse collapse \" aria-labelledby=\"toggle_998b660ef03d2277c\"><div class=\"panel-body toggle-content fusion-clearfix\">\n<p>NaturDent besteht aus zwei Hauptkomponenten: Polyvinylacetat (PVA) und Carboxymethylcellulose (CMC).<\/p>\n<p><img decoding=\"async\" class=\"aligncenter wp-image-819 size-full\" src=\"https:\/\/naturdent.eu\/wp-content\/uploads\/2019\/08\/FAQ-Deutsch.jpg\" alt=\"\" width=\"1920\" height=\"464\" srcset=\"https:\/\/naturdent.eu\/wp-content\/uploads\/2019\/08\/FAQ-Deutsch-200x48.jpg 200w, https:\/\/naturdent.eu\/wp-content\/uploads\/2019\/08\/FAQ-Deutsch-300x73.jpg 300w, https:\/\/naturdent.eu\/wp-content\/uploads\/2019\/08\/FAQ-Deutsch-400x97.jpg 400w, https:\/\/naturdent.eu\/wp-content\/uploads\/2019\/08\/FAQ-Deutsch-600x145.jpg 600w, https:\/\/naturdent.eu\/wp-content\/uploads\/2019\/08\/FAQ-Deutsch-768x186.jpg 768w, https:\/\/naturdent.eu\/wp-content\/uploads\/2019\/08\/FAQ-Deutsch-800x193.jpg 800w, https:\/\/naturdent.eu\/wp-content\/uploads\/2019\/08\/FAQ-Deutsch-1024x247.jpg 1024w, https:\/\/naturdent.eu\/wp-content\/uploads\/2019\/08\/FAQ-Deutsch-1200x290.jpg 1200w, https:\/\/naturdent.eu\/wp-content\/uploads\/2019\/08\/FAQ-Deutsch.jpg 1920w\" sizes=\"(max-width: 1920px) 100vw, 1920px\" \/><\/p>\n<p>Polyvinylacetat ist f\u00fcr den Klebeeffekt verantwortlich. Ben\u00f6tigt aber eine trockene Oberfl\u00e4che um den Klebeeffekt zu erzielen wie Kaugummi. Um die Schleimhaut trocken zu halten, verwenden wir Carboxymethylcellulose (CMC). Dieses CMC wirkt wie ein Schwamm \u2013 es absorbiert den Speichel. Wenn dieser \u201eSchwamm\u201c mit Speichel gef\u00fcllt ist , kann kein weiterer Speichel mehr absorbiert werden, die Schleimhaut wird feucht, das Polyvinylacetat kann nicht mehr auf der Schleimhaut kleben, die Prothese h\u00e4lt nur mehr durch Ansaugung (Adh\u00e4sionsphase). Jetzt kann die Prothese herausgenommen werden. Alle R\u00fcckst\u00e4nde bleiben auf der Zahnprothese. Es bleiben normalerweise keine R\u00fcckst\u00e4nde auf der Schleimhaut. Bleiben doch einige R\u00fcckst\u00e4nde auf der Schleimhaut einfach den Mund mit sehr warmen Wasser aussp\u00fclen. Essensr\u00fcckst\u00e4nde unter flie\u00dfendem, warmen Wasser abb\u00fcrsten. F\u00fcr die Entfernung der wasserunl\u00f6slichen R\u00fcckst\u00e4nde empfehlen wir die NaturDent Reinigungstablette. Die t\u00e4gliche Reinigung mit NaturDent Reinigungstabletten garantiert eine absolut saubere Prothese.<\/p>\n<\/div><\/div><\/div><div class=\"fusion-panel panel-default panel-90481a267e92750e3 fusion-toggle-no-divider fusion-toggle-boxed-mode\"><div class=\"panel-heading\"><h4 class=\"panel-title toggle\" id=\"toggle_90481a267e92750e3\"><a aria-expanded=\"false\" aria-controls=\"90481a267e92750e3\" role=\"button\" data-toggle=\"collapse\" data-parent=\"#accordion-66-1\" data-target=\"#90481a267e92750e3\" href=\"#90481a267e92750e3\"><span class=\"fusion-toggle-icon-wrapper\" aria-hidden=\"true\"><i class=\"fa-fusion-box active-icon awb-icon-minus\" aria-hidden=\"true\"><\/i><i class=\"fa-fusion-box inactive-icon awb-icon-plus\" aria-hidden=\"true\"><\/i><\/span><span class=\"fusion-toggle-heading\"> Entfernung der Prothese im Notfall<\/span><\/a><\/h4><\/div><div id=\"90481a267e92750e3\" class=\"panel-collapse collapse \" aria-labelledby=\"toggle_90481a267e92750e3\"><div class=\"panel-body toggle-content fusion-clearfix\">\n<p>Im Notfall \u2013 z.B. bei einem Unfall &#8211; kann die Prothese mit etwas Kraft entfernt werden. Dazu ziehen Sie die Prothese im hinteren Bereich nach unten\/oben. Sobald Luft eindringt l\u00f6st sie sich wie ein Saugnapf. Durch das vorzeitige entfernen kann es zu R\u00fcckst\u00e4nden der Haftcreme in der Prothese kommen welche Sie entweder mit den NaturDent Reinigungstabletten oder etwas Speise\u00f6l auf ein Baumwolltuch entfernen k\u00f6nnen. Etwaige Haftcremer\u00fcckst\u00e4nde am Gaumen l\u00f6sen sich nach geraumer Zeit von selbst, aber auch hier ist Speise\u00f6l auf einem Tuch sehr effektiv. Dies ist ein schmerzfreier Prozess, der keine negativen Effekte mit sich bringt, es k\u00f6nnten jedoch Haftcremer\u00fcckst\u00e4nde am Gaumen haften bleiben. Diese R\u00fcckst\u00e4nde sind ungef\u00e4hrlich und l\u00f6sen sich nach ein paar Stunden von selbst oder Sie k\u00f6nnen den Mund mit sehr warmen Wasser aussp\u00fclen. Unter keinen Umst\u00e4nden d\u00fcrfen Reinigungstabletten im Mund verwendet werden, um den Gaumen zu reinigen. Mit der Reinigungsfl\u00fcssigkeit weder gurgeln noch sp\u00fclen.<\/p>\n<\/div><\/div><\/div><div class=\"fusion-panel panel-default panel-3a8161b1f0cd126fb fusion-toggle-no-divider fusion-toggle-boxed-mode\"><div class=\"panel-heading\"><h4 class=\"panel-title toggle\" id=\"toggle_3a8161b1f0cd126fb\"><a aria-expanded=\"false\" aria-controls=\"3a8161b1f0cd126fb\" role=\"button\" data-toggle=\"collapse\" data-parent=\"#accordion-66-1\" data-target=\"#3a8161b1f0cd126fb\" href=\"#3a8161b1f0cd126fb\"><span class=\"fusion-toggle-icon-wrapper\" aria-hidden=\"true\"><i class=\"fa-fusion-box active-icon awb-icon-minus\" aria-hidden=\"true\"><\/i><i class=\"fa-fusion-box inactive-icon awb-icon-plus\" aria-hidden=\"true\"><\/i><\/span><span class=\"fusion-toggle-heading\"> Wie k\u00f6nnen die R\u00fcckst\u00e4nde der NaturDent Haftcreme entfernt werden?<\/span><\/a><\/h4><\/div><div id=\"3a8161b1f0cd126fb\" class=\"panel-collapse collapse \" aria-labelledby=\"toggle_3a8161b1f0cd126fb\"><div class=\"panel-body toggle-content fusion-clearfix\">\n<p>Zum Entfernen der wasserunl\u00f6slichen R\u00fcckst\u00e4nde der NaturDent Haftcreme empfehlen wir die NaturDent Reinigungstabletten. NaturDent Reinigungstabletten erf\u00fcllen alle Voraussetzung zur Reinigung der Prothese und sind zudem sanft und schonend. Werden die wasserunl\u00f6slichen R\u00fcckst\u00e4nde \u00fcber einen l\u00e4ngeren Zeitraum nicht entfernt, k\u00f6nnen diese verh\u00e4rten. Daher soll die Prothese bei Verwendung der NaturDent Haftcreme t\u00e4glich mit NaturDent Reinigungstabletten gereinigt werden.<\/p>\n<\/div><\/div><\/div><div class=\"fusion-panel panel-default panel-d65cbe0826e30b3df fusion-toggle-no-divider fusion-toggle-boxed-mode\"><div class=\"panel-heading\"><h4 class=\"panel-title toggle\" id=\"toggle_d65cbe0826e30b3df\"><a aria-expanded=\"false\" aria-controls=\"d65cbe0826e30b3df\" role=\"button\" data-toggle=\"collapse\" data-parent=\"#accordion-66-1\" data-target=\"#d65cbe0826e30b3df\" href=\"#d65cbe0826e30b3df\"><span class=\"fusion-toggle-icon-wrapper\" aria-hidden=\"true\"><i class=\"fa-fusion-box active-icon awb-icon-minus\" aria-hidden=\"true\"><\/i><i class=\"fa-fusion-box inactive-icon awb-icon-plus\" aria-hidden=\"true\"><\/i><\/span><span class=\"fusion-toggle-heading\"> Was passiert, wenn die Prothese l\u00e4nger als einen Tag haftet?<\/span><\/a><\/h4><\/div><div id=\"d65cbe0826e30b3df\" class=\"panel-collapse collapse \" aria-labelledby=\"toggle_d65cbe0826e30b3df\"><div class=\"panel-body toggle-content fusion-clearfix\">\n<div class=\"wpsm_panel wpsm_panel-default\">\n<div id=\"ac_2429_collapse5\" class=\"wpsm_panel-collapse collapse in\" aria-expanded=\"true\">\n<div class=\"wpsm_panel-body\">Falls die Prothese am Abend noch fest sitzt, lassen Sie diese \u00fcber Nacht im Mund und putzen sie einfach mit der Zahnb\u00fcrste wie eigene Z\u00e4hne. Verhindern k\u00f6nnen Sie das indem Sie beim N\u00e4chsten Mal weniger Haftcreme verwenden.<\/div>\n<\/div>\n<\/div>\n<div class=\"wpsm_panel wpsm_panel-default\">\n<div class=\"wpsm_panel-heading\" role=\"tab\">\n<h4 class=\"wpsm_panel-title\"><\/h4>\n<\/div>\n<\/div>\n<\/div><\/div><\/div><div class=\"fusion-panel panel-default panel-86ae874210aa86f47 fusion-toggle-no-divider fusion-toggle-boxed-mode\"><div class=\"panel-heading\"><h4 class=\"panel-title toggle\" id=\"toggle_86ae874210aa86f47\"><a aria-expanded=\"false\" aria-controls=\"86ae874210aa86f47\" role=\"button\" data-toggle=\"collapse\" data-parent=\"#accordion-66-1\" data-target=\"#86ae874210aa86f47\" href=\"#86ae874210aa86f47\"><span class=\"fusion-toggle-icon-wrapper\" aria-hidden=\"true\"><i class=\"fa-fusion-box active-icon awb-icon-minus\" aria-hidden=\"true\"><\/i><i class=\"fa-fusion-box inactive-icon awb-icon-plus\" aria-hidden=\"true\"><\/i><\/span><span class=\"fusion-toggle-heading\"> Greifen die NaturDent Reinigungstabletten Metallteile an der Prothese an?<\/span><\/a><\/h4><\/div><div id=\"86ae874210aa86f47\" class=\"panel-collapse collapse \" aria-labelledby=\"toggle_86ae874210aa86f47\"><div class=\"panel-body toggle-content fusion-clearfix\">\n<div id=\"wpsm_accordion_2429\" class=\"wpsm_panel-group\">\n<div class=\"wpsm_panel wpsm_panel-default\">\n<div id=\"ac_2429_collapse6\" class=\"wpsm_panel-collapse collapse in\" aria-expanded=\"true\">\n<div class=\"wpsm_panel-body\">Aufgrund der basischen Formel werden die Metallteile von Prothesen nicht angegriffen. NaturDent Reinigungstabletten sind daher auch f\u00fcr Teilprothesen und Zahnspangen besonders gut geeignet.<\/div>\n<\/div>\n<\/div>\n<\/div>\n<\/div><\/div><\/div><\/div><\/div><div class=\"fusion-text fusion-text-2\"><p><a href=\"https:\/\/naturdent.eu\/de\/faq\/\">siehe alle FAQ\u2019s<\/a><\/p>\n<\/div><div class=\"fusion-clearfix\"><\/div><\/div><\/div><\/div><\/div><div class=\"fusion-fullwidth fullwidth-box fusion-builder-row-2 nonhundred-percent-fullwidth non-hundred-percent-height-scrolling\" style=\"--awb-border-radius-top-left:0px;--awb-border-radius-top-right:0px;--awb-border-radius-bottom-right:0px;--awb-border-radius-bottom-left:0px;--awb-margin-bottom:50px;--awb-flex-wrap:wrap;\" ><div class=\"fusion-builder-row fusion-row\"><div class=\"fusion-layout-column fusion_builder_column fusion-builder-column-1 fusion_builder_column_1_1 1_1 fusion-one-full fusion-column-first fusion-column-last fusion-animated\" style=\"--awb-bg-size:cover;\" data-animationType=\"fadeInUp\" data-animationDuration=\"0.5\" data-animationOffset=\"top-into-view\"><div class=\"fusion-column-wrapper fusion-column-has-shadow fusion-flex-column-wrapper-legacy\"><div class=\"fusion-title title fusion-title-2 sep-underline sep-solid fusion-title-text fusion-title-size-two\" style=\"--awb-margin-top-small:0px;--awb-margin-right-small:0px;--awb-margin-bottom-small:20px;--awb-margin-left-small:0px;\"><h2 class=\"fusion-title-heading title-heading-left\" style=\"margin:0;\">Kontaktformular:<\/h2><\/div>\n<div class=\"wpcf7 no-js\" id=\"wpcf7-f796-o1\" lang=\"de-DE\" dir=\"ltr\" data-wpcf7-id=\"796\">\n<div class=\"screen-reader-response\"><p role=\"status\" aria-live=\"polite\" aria-atomic=\"true\"><\/p> <ul><\/ul><\/div>\n<form action=\"\/de\/wp-json\/wp\/v2\/pages\/66#wpcf7-f796-o1\" method=\"post\" class=\"wpcf7-form init wpcf7-acceptance-as-validation\" aria-label=\"Kontaktformular\" novalidate=\"novalidate\" data-status=\"init\">\n<fieldset class=\"hidden-fields-container\"><input type=\"hidden\" name=\"_wpcf7\" value=\"796\" \/><input type=\"hidden\" name=\"_wpcf7_version\" value=\"6.1.5\" \/><input type=\"hidden\" name=\"_wpcf7_locale\" value=\"de_DE\" \/><input type=\"hidden\" name=\"_wpcf7_unit_tag\" value=\"wpcf7-f796-o1\" \/><input type=\"hidden\" name=\"_wpcf7_container_post\" value=\"0\" \/><input type=\"hidden\" name=\"_wpcf7_posted_data_hash\" value=\"\" \/><input type=\"hidden\" name=\"_wpcf7_recaptcha_response\" value=\"\" \/>\n<\/fieldset>\n<div class=\"fusion-one-half one_half fusion-layout-column fusion-spacing-yes\">\n\t<p><label> Vorname*<br \/>\n<span class=\"wpcf7-form-control-wrap\" data-name=\"your-first-name\"><input size=\"40\" maxlength=\"400\" class=\"wpcf7-form-control wpcf7-text wpcf7-validates-as-required\" aria-required=\"true\" aria-invalid=\"false\" value=\"\" type=\"text\" name=\"your-first-name\" \/><\/span> <\/label><br \/>\n<label> Nachname*<br \/>\n<span class=\"wpcf7-form-control-wrap\" data-name=\"your-first-last-name\"><input size=\"40\" maxlength=\"400\" class=\"wpcf7-form-control wpcf7-text wpcf7-validates-as-required\" aria-required=\"true\" aria-invalid=\"false\" value=\"\" type=\"text\" name=\"your-first-last-name\" \/><\/span> <\/label><br \/>\n<label> Email*<br \/>\n<span class=\"wpcf7-form-control-wrap\" data-name=\"your-email\"><input size=\"40\" maxlength=\"400\" class=\"wpcf7-form-control wpcf7-email wpcf7-validates-as-required wpcf7-text wpcf7-validates-as-email\" aria-required=\"true\" aria-invalid=\"false\" value=\"\" type=\"email\" name=\"your-email\" \/><\/span> <\/label><br \/>\n<label> Land*<br \/>\n<span class=\"wpcf7-form-control-wrap\" data-name=\"your-country\"><input size=\"40\" maxlength=\"400\" class=\"wpcf7-form-control wpcf7-text wpcf7-validates-as-required\" aria-required=\"true\" aria-invalid=\"false\" value=\"\" type=\"text\" name=\"your-country\" \/><\/span> <\/label><br \/>\n<label> Produkt*<br \/>\n<span class=\"wpcf7-form-control-wrap\" data-name=\"your-product\"><select class=\"wpcf7-form-control wpcf7-select wpcf7-validates-as-required\" aria-required=\"true\" aria-invalid=\"false\" name=\"your-product\"><option value=\"\">&#8211; Bitte ausw\u00e4hlen &#8211;<\/option><option value=\"NaturDent Haftcreme\">NaturDent Haftcreme<\/option><option value=\"NaturDent Reinigungstabletten\">NaturDent Reinigungstabletten<\/option><option value=\"Sonstiges\">Sonstiges<\/option><\/select><\/span> <\/label>\n\t<\/p>\n<\/div>\n<div class=\"fusion-one-half one_half fusion-layout-column fusion-spacing-yes fusion-column-last\">\n\t<p><label> Ihre Nachricht*<br \/>\n<span class=\"wpcf7-form-control-wrap\" data-name=\"your-message\"><textarea cols=\"40\" rows=\"10\" maxlength=\"2000\" class=\"wpcf7-form-control wpcf7-textarea wpcf7-validates-as-required naturdent-message\" aria-required=\"true\" aria-invalid=\"false\" name=\"your-message\"><\/textarea><\/span> <\/label>\n\t<\/p>\n<\/div>\n<div class=\"fusion-one-full one_full fusion-layout-column fusion-spacing-yes fusion-column-last\">\n\t<p><br \/>\n<label> Datenschutzerkl\u00e4rung*<br \/>\n<span class=\"wpcf7-form-control-wrap\" data-name=\"acceptance-123\"><span class=\"wpcf7-form-control wpcf7-acceptance\"><span class=\"wpcf7-list-item\"><label><input type=\"checkbox\" name=\"acceptance-123\" value=\"1\" aria-invalid=\"false\" \/><span class=\"wpcf7-list-item-label\">Ich habe die <a href=\"\/datenschutzerklaerung\/\" target=\"_blank\" title=\"Datenschutzerkl\u00e4rung\">Datenschutzerkl\u00e4rung<\/a> gelesen und bin damit einverstanden.<\/span><\/label><\/span><\/span><\/span><\/label>\n\t<\/p>\n\t<p><input class=\"wpcf7-form-control wpcf7-submit has-spinner\" type=\"submit\" value=\"Nachricht senden\" \/>\n\t<\/p>\n<\/div><div class=\"wpcf7-response-output\" aria-hidden=\"true\"><\/div>\n<\/form>\n<\/div>\n<div class=\"fusion-clearfix\"><\/div><\/div><\/div><\/div><\/div><div class=\"fusion-fullwidth fullwidth-box fusion-builder-row-3 nonhundred-percent-fullwidth non-hundred-percent-height-scrolling\" style=\"--awb-border-radius-top-left:0px;--awb-border-radius-top-right:0px;--awb-border-radius-bottom-right:0px;--awb-border-radius-bottom-left:0px;--awb-flex-wrap:wrap;\" ><div class=\"fusion-builder-row fusion-row\"><div class=\"fusion-layout-column fusion_builder_column fusion-builder-column-2 fusion_builder_column_1_1 1_1 fusion-one-full fusion-column-first fusion-column-last fusion-animated\" style=\"--awb-bg-size:cover;\" data-animationType=\"fadeInUp\" data-animationDuration=\"0.5\" data-animationOffset=\"top-into-view\"><div class=\"fusion-column-wrapper fusion-column-has-shadow fusion-flex-column-wrapper-legacy\"><div class=\"fusion-title title fusion-title-3 sep-underline sep-solid fusion-title-text fusion-title-size-two\" style=\"--awb-margin-top-small:0px;--awb-margin-right-small:0px;--awb-margin-bottom-small:20px;--awb-margin-left-small:0px;\"><h2 class=\"fusion-title-heading title-heading-left\" style=\"margin:0;\">NaturDent ist ein Produkt von:<\/h2><\/div><div class=\"fusion-text fusion-text-3\"><p><strong>FITTYDENT INTERNATIONAL GmbH<\/strong><br \/>\nCarlbergergasse 38\/3\/1<br \/>\n1230 Wien<br \/>\n\u00d6sterreich<\/p>\n<p><i class=\"fa fa-phone\" aria-hidden=\"true\"><\/i><a href=\"tel:+4313818181\">\u00a0+43 1 381 81 81<\/a><\/p>\n<p><i class=\"far fa-envelope\" aria-hidden=\"true\"><\/i><a href=\"mailto:office@naturdent.eu\">\u00a0office@naturdent.eu<\/a><\/p>\n<p><i class=\"fab fa-facebook-square\" aria-hidden=\"true\"><\/i><a href=\"https:\/\/www.facebook.com\/fittydentheadoffice\/\" target=\"_blank\" rel=\"noopener noreferrer\">\u00a0besuche uns auf facebook<\/a><\/p>\n<div class=\"wp-block-spacer\" aria-hidden=\"true\"><\/div>\n<\/div><div class=\"fusion-clearfix\"><\/div><\/div><\/div><\/div><\/div><\/p>\n","protected":false},"excerpt":{"rendered":"","protected":false},"author":1,"featured_media":0,"parent":0,"menu_order":80,"comment_status":"closed","ping_status":"closed","template":"","meta":{"footnotes":""},"class_list":["post-66","page","type-page","status-publish","hentry"],"_links":{"self":[{"href":"https:\/\/naturdent.eu\/de\/wp-json\/wp\/v2\/pages\/66","targetHints":{"allow":["GET"]}}],"collection":[{"href":"https:\/\/naturdent.eu\/de\/wp-json\/wp\/v2\/pages"}],"about":[{"href":"https:\/\/naturdent.eu\/de\/wp-json\/wp\/v2\/types\/page"}],"author":[{"embeddable":true,"href":"https:\/\/naturdent.eu\/de\/wp-json\/wp\/v2\/users\/1"}],"replies":[{"embeddable":true,"href":"https:\/\/naturdent.eu\/de\/wp-json\/wp\/v2\/comments?post=66"}],"version-history":[{"count":0,"href":"https:\/\/naturdent.eu\/de\/wp-json\/wp\/v2\/pages\/66\/revisions"}],"wp:attachment":[{"href":"https:\/\/naturdent.eu\/de\/wp-json\/wp\/v2\/media?parent=66"}],"curies":[{"name":"wp","href":"https:\/\/api.w.org\/{rel}","templated":true}]}}