{"id":63,"date":"2019-08-07T13:22:31","date_gmt":"2019-08-07T11:22:31","guid":{"rendered":"https:\/\/naturdent.eu\/editorial\/"},"modified":"2024-08-27T15:41:26","modified_gmt":"2024-08-27T13:41:26","slug":"editorial","status":"publish","type":"page","link":"https:\/\/naturdent.eu\/de\/editorial\/","title":{"rendered":"Editorial"},"content":{"rendered":"<p><div class=\"fusion-fullwidth fullwidth-box fusion-builder-row-1 nonhundred-percent-fullwidth non-hundred-percent-height-scrolling\" style=\"--awb-border-radius-top-left:0px;--awb-border-radius-top-right:0px;--awb-border-radius-bottom-right:0px;--awb-border-radius-bottom-left:0px;--awb-margin-bottom:50px;--awb-flex-wrap:wrap;\" ><div class=\"fusion-builder-row fusion-row\"><div class=\"fusion-layout-column fusion_builder_column fusion-builder-column-0 fusion_builder_column_1_1 1_1 fusion-one-full fusion-column-first fusion-column-last fusion-animated\" style=\"--awb-bg-size:cover;\" data-animationType=\"fadeInUp\" data-animationDuration=\"0.5\" data-animationOffset=\"top-into-view\"><div class=\"fusion-column-wrapper fusion-column-has-shadow fusion-flex-column-wrapper-legacy\"><div class=\"fusion-title title fusion-title-1 sep-underline sep-solid fusion-title-text fusion-title-size-two\" style=\"--awb-text-color:#8bc34a;--awb-margin-top-small:0px;--awb-margin-right-small:0px;--awb-margin-bottom-small:20px;--awb-margin-left-small:0px;\"><h2 class=\"fusion-title-heading title-heading-left\" style=\"margin:0;\">Editorial<\/h2><\/div><div class=\"fusion-text fusion-text-1\"><p>Niemand von uns sucht es sich aus einen Zahnersatz zu tragen. Das Leben ist nicht fair. Dass Sie das jetzt lesen, ist bestimmt das Resultat von verschiedenen Umst\u00e4nden. Ein Hauptgrund Zahnprothesentr\u00e4ger zu werden ist schlicht und ergreifend leider das Alter. Nat\u00fcrlich gibt es auch andere sehr einschneidende Ereignisse wie Unf\u00e4lle oder Krankheiten deren Folge, teilweise \u2013 oder kompletter Verlust der Z\u00e4hne sind.<\/p>\n<p>Nat\u00fcrlich, es gibt Implantate, aber diese sind nicht f\u00fcr jeden Patienten geeignet. Manchmal ist der Kieferknochen nicht stark genug. Manchmal fehlt es an der erforderlichen Gesundheit um diesen Eingriff k\u00f6rperlich zu verkraften. Und manchmal \u2013 das ist wohl der h\u00e4ufigste Grund \u2013 sind Implantate einfach nicht finanzierbar. Also trotz fortschreitender Technik und Wissenschaft bleibt manchen Patienten keine andere Wahl als Zahnprothesen zu verwenden.<\/p>\n<p>Sich an Ihre dritten Z\u00e4hne zu gew\u00f6hnen braucht Zeit. Ganz besonders die ersten 4 Wochen . Stellen Sie sich vor in wie vielen ganz allt\u00e4glichen Situationen Sie sich umstellen m\u00fcssen. Was kann ich Essen? Wie funktioniert kauen? Welche Lebensmittel funktionieren gut \u2013 mit welchen habe ich Schwierigkeiten? Wie vermeide ich Speisereste unter der Prothese? Wie trinke ich und was trinke ich? Anf\u00e4nglich werden Sie etwas lispeln. Das dauert ein wenig bis sich Ihre Zunge umgew\u00f6hnt. Und am unangenehmsten ist der Moment wenn Sie den Zahnersatz aus dem Mund geben, weil Sie ihn w\u00e4hrend der Nacht nach dem Reinigen in der Reinigungsdose lassen. Ihre Zunge f\u00e4hrt ins Leere und Ihnen wird das Fehlen Ihrer Z\u00e4hne wieder schlagartig bewusst. All das ist der Teil Ihres neuen Lebens wo wir Ihnen unbedingt zur Seite stehen m\u00f6chten.<\/p>\n<p>Idealerweise passt sich der Zahnersatz so perfekt an den Gaumen an wie ein Saugnapf an der Windschutzscheibe. In diesem Fall haften Ihre Dritten durch Ansaugen und es ist keine Haftcreme erforderlich. Auch durch st\u00e4ndiges Tragen der Zahnprothese k\u00f6nnen Sie oft nicht verhindern, dass das Kiefer sich verformt (Atrophie), Zwischenr\u00e4ume entstehen und die Z\u00e4hne haften nicht mehr von alleine. \u00dcblicherweise kommt in so einem Fall das erste Mal eine Haftcreme zum Einsatz.<\/p>\n<p>Die NaturDent Zahnprothesenhaftcreme hat dieselben einzigartigen Eigenschaften wie unsere bewertete Produktlinie fittydent, ist ebenso wasserunl\u00f6slich und \u00f6konomisch. NaturDent besteht ausschlie\u00dflich aus Lebensmittelinhaltsstoffen, ist vegan, gluten-, laktose-, zink- und tierversuchsfrei.<\/p>\n<p>Mit unz\u00e4hligen Kunden und Partnern in mehr als 70 L\u00e4ndern pflegen wir ein sehr best\u00e4ndiges, famili\u00e4res Verh\u00e4ltnis und haben schon so manche unm\u00f6gliche Herausforderung m\u00f6glich gemacht. Aus dem Pool an Jahrzehnten langen Erfahrungen der uns zur Verf\u00fcgung steht, finden wir auch ganz bestimmt die L\u00f6sung f\u00fcr ihr Anliegen. Wir machen es zu unserem Ziel Ihre Lebensqualit\u00e4t zu verbessern und m\u00f6chten verhindern, dass Sie Sklave Ihres Zahnersatzes werden. Sie sind nicht alleine!<\/p>\n<\/div><div class=\"fusion-clearfix\"><\/div><\/div><\/div><\/div><\/div><div class=\"fusion-fullwidth fullwidth-box fusion-builder-row-2 nonhundred-percent-fullwidth non-hundred-percent-height-scrolling\" style=\"--awb-border-radius-top-left:0px;--awb-border-radius-top-right:0px;--awb-border-radius-bottom-right:0px;--awb-border-radius-bottom-left:0px;--awb-margin-bottom:50px;--awb-flex-wrap:wrap;\" ><div class=\"fusion-builder-row fusion-row\"><div class=\"fusion-layout-column fusion_builder_column fusion-builder-column-1 fusion_builder_column_1_1 1_1 fusion-one-full fusion-column-first fusion-column-last fusion-animated\" style=\"--awb-bg-size:cover;\" data-animationType=\"fadeInUp\" data-animationDuration=\"0.5\" data-animationOffset=\"top-into-view\"><div class=\"fusion-column-wrapper fusion-column-has-shadow fusion-flex-column-wrapper-legacy\"><div class=\"fusion-title title fusion-title-2 sep-underline sep-solid fusion-title-text fusion-title-size-two\" style=\"--awb-margin-top-small:0px;--awb-margin-right-small:0px;--awb-margin-bottom-small:20px;--awb-margin-left-small:0px;\"><h2 class=\"fusion-title-heading title-heading-left\" style=\"margin:0;\">\u00dcber uns<\/h2><\/div><div class=\"fusion-text fusion-text-2\"><p>FITTYDENT INTERNATIONAL GmbH ist ein \u00f6sterreichisches Unternehmen, das im Jahr 1982 gegr\u00fcndet wurde. Wir haben uns auf die Herstellung und den weltweiten Vertrieb von innovativen Mundhygiene Produkten spezialisiert. Seit mehr als 3 Jahrzehnten ist unsere Philosophie Zahnprothesentr\u00e4gern das Gef\u00fchl von Freiheit und Sicherheit zu geben!\u00a0Und die Lebensqualit\u00e4t zu verbessern.<\/p>\n<p>Unsere Hauptproduktlinie ist das fittydent Haftkleber-System f\u00fcr Zahnprothesen. Wir haben unsere Produkte zuerst am \u00f6sterreichischen Markt eingef\u00fchrt. Nach dem gro\u00dfen Erfolg wurde fittydent auch am internationalen Markt platziert und ist heute in \u00fcber 70 L\u00e4ndern weltweit vertreten.<\/p>\n<p>Unsere Haupt-Zielgruppe sind jene Zahnprothesentr\u00e4ger, die Probleme mit dem Halt\/Sitz ihrer dritten Z\u00e4hne haben und deren Bed\u00fcrfnisse von herk\u00f6mmlichen Haftmitteln nicht zufriedengestellt werden k\u00f6nnen.<\/p>\n<p>Die fittydent Haftcreme ist wasserunl\u00f6slich. Sie sp\u00fclt sich nicht beim Essen und Trinken aus und h\u00e4lt den ganzen Tag. Die weltweit einzigartig patentierte Formel erm\u00f6glicht Ihnen wieder selbstbewusst und sicher aufzutreten. Sie k\u00f6nnen Ihre Freizeit wieder genie\u00dfen und am Sozialleben teilnehmen. Sie m\u00fcssen sich keine Gedanken um Ihren Zahnersatz machen. Das ist Verbesserung der Lebensqualit\u00e4t. Das ist unser Slogan. Das ist was unsere Kunden best\u00e4tigen.<\/p>\n<\/div><div class=\"fusion-clearfix\"><\/div><\/div><\/div><\/div><\/div><div class=\"fusion-fullwidth fullwidth-box fusion-builder-row-3 nonhundred-percent-fullwidth non-hundred-percent-height-scrolling\" style=\"--awb-border-radius-top-left:0px;--awb-border-radius-top-right:0px;--awb-border-radius-bottom-right:0px;--awb-border-radius-bottom-left:0px;--awb-margin-bottom:50px;--awb-flex-wrap:wrap;\" ><div class=\"fusion-builder-row fusion-row\"><div class=\"fusion-layout-column fusion_builder_column fusion-builder-column-2 fusion_builder_column_1_1 1_1 fusion-one-full fusion-column-first fusion-column-last fusion-animated\" style=\"--awb-bg-size:cover;\" data-animationType=\"fadeInUp\" data-animationDuration=\"0.5\" data-animationOffset=\"top-into-view\"><div class=\"fusion-column-wrapper fusion-column-has-shadow fusion-flex-column-wrapper-legacy\"><div class=\"fusion-title title fusion-title-3 sep-underline sep-solid fusion-title-text fusion-title-size-two\" style=\"--awb-margin-top-small:0px;--awb-margin-right-small:0px;--awb-margin-bottom-small:20px;--awb-margin-left-small:0px;\"><h2 class=\"fusion-title-heading title-heading-left\" style=\"margin:0;\">Die NaturDent Einzigartigkeit<\/h2><\/div><div class=\"fusion-text fusion-text-3\"><p>Herk\u00f6mmliche Haftmittel arbeiten nach dem Prinzip der Ansaugung, der Speichel zwischen der Prothese und dem Kiefer wird \u201ceingedickt\u201d. Die Prothese haftet nur am Kiefer. Da alle diese Haftmittel dar\u00fcber hinaus wasserl\u00f6slich sind, werden sie ausgesp\u00fclt und die Prothese verliert bereits nach relativ kurzer Zeit ihren Halt.<\/p>\n<p>Das patentierte fittydent System arbeitet auf v\u00f6llig andere Weise:<br \/>\nfittydent ist das weltweit einzige NICHT wasserl\u00f6sliche Zahnprothesen-Haftmittel. fittydent wird daher von Speichel oder Getr\u00e4nken NICHT ausgesp\u00fclt und erzielt dadurch einen extrem starken Klebeeffekt womit Verschieben, Verrutschen oder l\u00f6sen der Prothese verhindert wird. Ihre Dritten haften den ganzen Tag.<\/p>\n<\/div><div class=\"fusion-clearfix\"><\/div><\/div><\/div><\/div><\/div><div class=\"fusion-fullwidth fullwidth-box fusion-builder-row-4 nonhundred-percent-fullwidth non-hundred-percent-height-scrolling\" style=\"--awb-border-radius-top-left:0px;--awb-border-radius-top-right:0px;--awb-border-radius-bottom-right:0px;--awb-border-radius-bottom-left:0px;--awb-margin-bottom:50px;--awb-flex-wrap:wrap;\" ><div class=\"fusion-builder-row fusion-row\"><div class=\"fusion-layout-column fusion_builder_column fusion-builder-column-3 fusion_builder_column_1_1 1_1 fusion-one-full fusion-column-first fusion-column-last fusion-animated\" style=\"--awb-bg-size:cover;\" data-animationType=\"fadeInUp\" data-animationDuration=\"0.5\" data-animationOffset=\"top-into-view\"><div class=\"fusion-column-wrapper fusion-column-has-shadow fusion-flex-column-wrapper-legacy\"><div class=\"fusion-title title fusion-title-4 sep-underline sep-solid fusion-title-text fusion-title-size-two\" style=\"--awb-margin-top-small:0px;--awb-margin-right-small:0px;--awb-margin-bottom-small:20px;--awb-margin-left-small:0px;\"><h2 class=\"fusion-title-heading title-heading-left\" style=\"margin:0;\">Die Qualit\u00e4tsgarantie<\/h2><\/div><div class=\"fusion-text fusion-text-4\"><p>Die Produktionsstandards von FITTYDENT INTERNATIONAL GmbH entsprechen allen wichtigen Qualit\u00e4tskontrollen (ISO 13485), durch Anforderungen des EU Medizinproduktegesetzes und der amerikanischen Food and Drug Administration (FDA). Durch st\u00e4ndige Tests und beste Rohmaterialien garantieren wir h\u00f6chste Qualit\u00e4t der fittydent Produkte. Unsere Haftcreme ist nachweislich vegan, glutenfrei, zink-frei und nicht an Tieren getestet.<\/p>\n<p>Au\u00dferdem f\u00fchlen wir uns verpflichtet Ihre Anfragen und Beschwerden pers\u00f6nlich und rasch zu bearbeiten. Wir nehmen Ihre Sorgen ernst und als neues Mitglied der Fittydent Familie, f\u00fcr Sie da zu sein ist Ehrensache.<\/p>\n<\/div><div class=\"fusion-clearfix\"><\/div><\/div><\/div><\/div><\/div><\/p>\n","protected":false},"excerpt":{"rendered":"","protected":false},"author":1,"featured_media":0,"parent":0,"menu_order":70,"comment_status":"closed","ping_status":"closed","template":"","meta":{"footnotes":""},"class_list":["post-63","page","type-page","status-publish","hentry"],"_links":{"self":[{"href":"https:\/\/naturdent.eu\/de\/wp-json\/wp\/v2\/pages\/63","targetHints":{"allow":["GET"]}}],"collection":[{"href":"https:\/\/naturdent.eu\/de\/wp-json\/wp\/v2\/pages"}],"about":[{"href":"https:\/\/naturdent.eu\/de\/wp-json\/wp\/v2\/types\/page"}],"author":[{"embeddable":true,"href":"https:\/\/naturdent.eu\/de\/wp-json\/wp\/v2\/users\/1"}],"replies":[{"embeddable":true,"href":"https:\/\/naturdent.eu\/de\/wp-json\/wp\/v2\/comments?post=63"}],"version-history":[{"count":0,"href":"https:\/\/naturdent.eu\/de\/wp-json\/wp\/v2\/pages\/63\/revisions"}],"wp:attachment":[{"href":"https:\/\/naturdent.eu\/de\/wp-json\/wp\/v2\/media?parent=63"}],"curies":[{"name":"wp","href":"https:\/\/api.w.org\/{rel}","templated":true}]}}