{"id":61,"date":"2019-08-05T10:21:53","date_gmt":"2019-08-05T10:21:53","guid":{"rendered":"https:\/\/naturdent.eu\/feedback\/"},"modified":"2025-03-05T17:35:41","modified_gmt":"2025-03-05T15:35:41","slug":"feedback","status":"publish","type":"page","link":"https:\/\/naturdent.eu\/de\/feedback\/","title":{"rendered":"Feedback"},"content":{"rendered":"<div class=\"fusion-fullwidth fullwidth-box fusion-builder-row-1 nonhundred-percent-fullwidth non-hundred-percent-height-scrolling\" style=\"--awb-border-radius-top-left:0px;--awb-border-radius-top-right:0px;--awb-border-radius-bottom-right:0px;--awb-border-radius-bottom-left:0px;--awb-flex-wrap:wrap;\" ><div class=\"fusion-builder-row fusion-row\"><div class=\"fusion-layout-column fusion_builder_column fusion-builder-column-0 fusion_builder_column_1_1 1_1 fusion-one-full fusion-column-first fusion-column-last fusion-animated\" style=\"--awb-bg-size:cover;\" data-animationType=\"fadeInUp\" data-animationDuration=\"0.5\" data-animationOffset=\"top-into-view\"><div class=\"fusion-column-wrapper fusion-column-has-shadow fusion-flex-column-wrapper-legacy\"><div class=\"fusion-title title fusion-title-1 sep-underline sep-solid fusion-title-text fusion-title-size-two\" style=\"--awb-text-color:#8bc34a;--awb-margin-top-small:0px;--awb-margin-right-small:0px;--awb-margin-bottom-small:20px;--awb-margin-left-small:0px;\"><h2 class=\"fusion-title-heading title-heading-left\" style=\"margin:0;\">Feedback<\/h2><\/div><div class=\"fusion-testimonials classic awb-speech-bubble-show fusion-testimonials-1\" style=\"--awb-textcolor:#747474;--awb-backgroundcolor:#f6f6f6;--awb-testimonial-border-style:solid;--awb-testimonial-border-color:var(--awb-color3);--awb-border-top-left-radius:0px;--awb-border-top-right-radius:0px;--awb-border-bottom-left-radius:0px;--awb-border-bottom-right-radius:0px;--testimonial-border-width-top:0px;--testimonial-border-width-right:0px;--testimonial-border-width-bottom:0px;--testimonial-border-width-left:0px;\" data-random=\"0\" data-speed=\"4000\"><div class=\"reviews\"><div class=\"review active-testimonial male\"><blockquote><div class=\"awb-quote\"><div class=\"awb-quote-content\">\n<p>Wowwwww :-O \u2013 Jetzt bin ich aber doch baff\u2026 ? DANKE<br \/>\nIch wei\u00df ja, das die \u00d6sterreicher sehr nette Menschen sind! Na und die Wiener sowieso\u2026<br \/>\nAber Sie \u00fcbertreffen doch alles, was ich bisher an Firmenservice kennen gelernt habe. Also wenn in Ihrer Firma so nette Menschen arbeiten, dann M\u00dcSSEN auch Ihre Produkte gut sein! (was ja mein pers\u00f6nlicher Test bereits best\u00e4tigt hat!)<br \/>\nJedenfalls steht f\u00fcr mich fest: Ich werde bis an mein Lebensende nur noch Produkte von \u201eNaturDent\u201c f\u00fcr meine 3. verwenden \u2013 und das nat\u00fcrlich auch publik machen ?<br \/>\nVielleicht legen Sie mir einfach ein paar Werbekarten\/ -prospekte dazu, die ich dann liebend gerne verteile!!!<br \/>\nNicht jeder in meiner Generation hat Internet \u2013 deshalb bestelle ich ja schon lange und oft f\u00fcr meine Freunde und Bekannten.<\/p>\n<\/div><\/div><span class=\"awb-triangle\"><\/span><\/blockquote><div class=\"author\"><span class=\"testimonial-thumbnail doe\"><\/span><span class=\"company-name\"><strong>Anonym, Berlin (DE)<\/strong><\/span><\/div><\/div><\/div><\/div><div class=\"fusion-sep-clear\"><\/div><div class=\"fusion-separator fusion-full-width-sep\" style=\"margin-left: auto;margin-right: auto;margin-bottom:50px;width:100%;\"><\/div><div class=\"fusion-sep-clear\"><\/div><div class=\"fusion-testimonials classic awb-speech-bubble-show fusion-testimonials-2\" style=\"--awb-textcolor:#747474;--awb-backgroundcolor:#f6f6f6;--awb-testimonial-border-style:solid;--awb-testimonial-border-color:var(--awb-color3);--awb-border-top-left-radius:0px;--awb-border-top-right-radius:0px;--awb-border-bottom-left-radius:0px;--awb-border-bottom-right-radius:0px;--testimonial-border-width-top:0px;--testimonial-border-width-right:0px;--testimonial-border-width-bottom:0px;--testimonial-border-width-left:0px;\" data-random=\"0\" data-speed=\"4000\"><div class=\"reviews\"><div class=\"review active-testimonial male\"><blockquote><div class=\"awb-quote\"><div class=\"awb-quote-content\">\n<p>Hallo liebes NaturDent-Team!<br \/>\nMeinen allerherzlichsten Dank an Sie, Ihre Kollegen und \u00fcberhaupt an Ihre Firma! Das wundervolle Paket kam am Freitag hier an! Es hat mich doch beinahe zu Tr\u00e4nen ger\u00fchrt\u2026 soetwas in der heutigen Zeit habe ich nicht mehr f\u00fcr m\u00f6glich gehalten.<\/p>\n<\/div><\/div><span class=\"awb-triangle\"><\/span><\/blockquote><div class=\"author\"><span class=\"testimonial-thumbnail doe\"><\/span><span class=\"company-name\"><strong>Anonym, Berlin (DE)<\/strong><\/span><\/div><\/div><\/div><\/div><div class=\"fusion-sep-clear\"><\/div><div class=\"fusion-separator fusion-full-width-sep\" style=\"margin-left: auto;margin-right: auto;margin-bottom:50px;width:100%;\"><\/div><div class=\"fusion-sep-clear\"><\/div><div class=\"fusion-testimonials classic awb-speech-bubble-show fusion-testimonials-3\" style=\"--awb-textcolor:#747474;--awb-backgroundcolor:#f6f6f6;--awb-testimonial-border-style:solid;--awb-testimonial-border-color:var(--awb-color3);--awb-border-top-left-radius:0px;--awb-border-top-right-radius:0px;--awb-border-bottom-left-radius:0px;--awb-border-bottom-right-radius:0px;--testimonial-border-width-top:0px;--testimonial-border-width-right:0px;--testimonial-border-width-bottom:0px;--testimonial-border-width-left:0px;\" data-random=\"0\" data-speed=\"4000\"><div class=\"reviews\"><div class=\"review active-testimonial male\"><blockquote><div class=\"awb-quote\"><div class=\"awb-quote-content\">\n<p>Liebes Team von NaturDent,<br \/>\nauf der Suche nach einer nat\u00fcrlichen Haftcreme sind wir auf Ihr Produkt gesto\u00dfen, das uns sofort \u00fcberzeugte. Unsere Suche im Bio-Supermarkt Alnatura und in Apotheken war leider bisher erfolglos.<\/p>\n<p>K\u00f6nnen Sie uns bitte verraten, wo wir in Hamburg Ihre beiden Produkte (auch die Reinigungstabletten) kaufen k\u00f6nnen? Da wir schon seit Jahren unser gesamtes Leben auf biologische Produkte umgestellt haben, m\u00f6chten wir nicht auf andere Produkte zur\u00fcckgreifen mit Inhaltsstoffen, die nicht in den Mund geh\u00f6ren. Wir hoffen sehr, dass Sie uns weiterhelfen k\u00f6nnen.<br \/>\nUnd nat\u00fcrlich vielen Dank, dass es diese Produkte \u00fcberhaupt gibt.<\/p>\n<\/div><\/div><span class=\"awb-triangle\"><\/span><\/blockquote><div class=\"author\"><span class=\"testimonial-thumbnail doe\"><\/span><span class=\"company-name\"><strong>Anonym, Hamburg (DE)<\/strong><\/span><\/div><\/div><\/div><\/div><div class=\"fusion-sep-clear\"><\/div><div class=\"fusion-separator fusion-full-width-sep\" style=\"margin-left: auto;margin-right: auto;margin-bottom:50px;width:100%;\"><\/div><div class=\"fusion-sep-clear\"><\/div><div class=\"fusion-testimonials classic awb-speech-bubble-show fusion-testimonials-4\" style=\"--awb-textcolor:#747474;--awb-backgroundcolor:#f6f6f6;--awb-testimonial-border-style:solid;--awb-testimonial-border-color:var(--awb-color3);--awb-border-top-left-radius:0px;--awb-border-top-right-radius:0px;--awb-border-bottom-left-radius:0px;--awb-border-bottom-right-radius:0px;--testimonial-border-width-top:0px;--testimonial-border-width-right:0px;--testimonial-border-width-bottom:0px;--testimonial-border-width-left:0px;\" data-random=\"0\" data-speed=\"4000\"><div class=\"reviews\"><div class=\"review active-testimonial male\"><blockquote><div class=\"awb-quote\"><div class=\"awb-quote-content\">\n<p>Liebes NaturDent-Team,<br \/>\nsoeben haben wir Ihr P\u00e4ckchen erhalten und m\u00f6chten uns ganz herzlich bei Ihnen bedanken.<\/p>\n<p>Mein Mann wird die Creme gleich ausprobieren und \u00fcbermorgen werden wir einen Verpackungskarton zu unserer Zahn\u00e4rztin mitnehmen. Wir finden es sehr wichtig, dass Ihr Produkt Verbreitung findet. Auch meiner Krankenkasse werde ich eine Mail schreiben, damit sie ihre Mitglieder dar\u00fcber informieren kann. Wir w\u00fcnschen Ihnen ein recht sonniges und frohes Osterfest und f\u00fcr Ihre Firma gro\u00dfartige Erfolge.<\/p>\n<\/div><\/div><span class=\"awb-triangle\"><\/span><\/blockquote><div class=\"author\"><span class=\"testimonial-thumbnail doe\"><\/span><span class=\"company-name\"><strong>Anonym, Hamburg (DE)<\/strong><\/span><\/div><\/div><\/div><\/div><div class=\"fusion-sep-clear\"><\/div><div class=\"fusion-separator fusion-full-width-sep\" style=\"margin-left: auto;margin-right: auto;margin-bottom:50px;width:100%;\"><\/div><div class=\"fusion-sep-clear\"><\/div><div class=\"fusion-testimonials classic awb-speech-bubble-show fusion-testimonials-5\" style=\"--awb-textcolor:#747474;--awb-backgroundcolor:#f6f6f6;--awb-testimonial-border-style:solid;--awb-testimonial-border-color:var(--awb-color3);--awb-border-top-left-radius:0px;--awb-border-top-right-radius:0px;--awb-border-bottom-left-radius:0px;--awb-border-bottom-right-radius:0px;--testimonial-border-width-top:0px;--testimonial-border-width-right:0px;--testimonial-border-width-bottom:0px;--testimonial-border-width-left:0px;\" data-random=\"0\" data-speed=\"4000\"><div class=\"reviews\"><div class=\"review active-testimonial male\"><blockquote><div class=\"awb-quote\"><div class=\"awb-quote-content\">\n<p>Hallo liebes NaturDent-Team,<br \/>\nich m\u00f6chte mich ganz herzlich bei Ihnen bedanken, als ich in den Karton geschaut habe war die \u00dcberraschung sehr gro\u00df mit sowas als Probe habe ich nicht gerechnet, vielen vielen Dank!<br \/>\nIch habe nat\u00fcrlich schon gestern angefangen, mit Fittydent zu testen und heute mit NaturDent, ich kann nur sagen, ich bin von beiden Haftcremen so begeistert, die obere Prothese h\u00e4lt bombig morgens ab 7 Uhr bis ca. 22 Uhr. Und ich habe immer wieder gegessen.<\/p>\n<p>Aber ich habe auch, wie sie geschrieben haben, alles sch\u00f6n mit dem Finger verstrichen, leider muss ich noch Unten \u00fcben, mit dem d\u00fcnn aufstreichen ist es noch nicht so, aber \u00dcbung macht den Meister. Ich bin so froh, dass ich endlich etwas habe, was die Z\u00e4hne h\u00e4lt, wenn ich esse und ich werde nur positiv dar\u00fcber berichten. Noch einmal vielen Dank!<\/p>\n<\/div><\/div><span class=\"awb-triangle\"><\/span><\/blockquote><div class=\"author\"><span class=\"testimonial-thumbnail doe\"><\/span><span class=\"company-name\"><strong>Anonym, Essen (DE)<\/strong><\/span><\/div><\/div><\/div><\/div><div class=\"fusion-sep-clear\"><\/div><div class=\"fusion-separator fusion-full-width-sep\" style=\"margin-left: auto;margin-right: auto;margin-bottom:50px;width:100%;\"><\/div><div class=\"fusion-sep-clear\"><\/div><div class=\"fusion-button-wrapper fusion-aligncenter\"><a class=\"fusion-button button-flat fusion-button-default-size button-custom fusion-button-default button-1 fusion-button-default-span fusion-button-default-type\" style=\"--button_accent_color:#ffffff;--button_accent_hover_color:#ffffff;--button_border_hover_color:#ffffff;--button-border-radius-top-left:25px;--button-border-radius-top-right:25px;--button-border-radius-bottom-right:25px;--button-border-radius-bottom-left:25px;--button_gradient_top_color:#81b304;--button_gradient_bottom_color:#81b304;--button_gradient_top_color_hover:#ecb00e;--button_gradient_bottom_color_hover:#ecb00e;\" target=\"_self\" href=\"https:\/\/naturdent.eu\/de\/\"><span class=\"fusion-button-text awb-button__text awb-button__text--default\">Home<\/span><\/a><\/div><div class=\"fusion-clearfix\"><\/div><\/div><\/div><\/div><\/div>\n","protected":false},"excerpt":{"rendered":"","protected":false},"author":1,"featured_media":0,"parent":0,"menu_order":60,"comment_status":"closed","ping_status":"closed","template":"","meta":{"footnotes":""},"class_list":["post-61","page","type-page","status-publish","hentry"],"_links":{"self":[{"href":"https:\/\/naturdent.eu\/de\/wp-json\/wp\/v2\/pages\/61","targetHints":{"allow":["GET"]}}],"collection":[{"href":"https:\/\/naturdent.eu\/de\/wp-json\/wp\/v2\/pages"}],"about":[{"href":"https:\/\/naturdent.eu\/de\/wp-json\/wp\/v2\/types\/page"}],"author":[{"embeddable":true,"href":"https:\/\/naturdent.eu\/de\/wp-json\/wp\/v2\/users\/1"}],"replies":[{"embeddable":true,"href":"https:\/\/naturdent.eu\/de\/wp-json\/wp\/v2\/comments?post=61"}],"version-history":[{"count":0,"href":"https:\/\/naturdent.eu\/de\/wp-json\/wp\/v2\/pages\/61\/revisions"}],"wp:attachment":[{"href":"https:\/\/naturdent.eu\/de\/wp-json\/wp\/v2\/media?parent=61"}],"curies":[{"name":"wp","href":"https:\/\/api.w.org\/{rel}","templated":true}]}}