{"id":59,"date":"2019-08-05T10:21:18","date_gmt":"2019-08-05T10:21:18","guid":{"rendered":"https:\/\/naturdent.eu\/naturlich\/"},"modified":"2019-08-26T17:31:58","modified_gmt":"2019-08-26T15:31:58","slug":"natuerlich","status":"publish","type":"page","link":"https:\/\/naturdent.eu\/de\/natuerlich\/","title":{"rendered":"Nat\u00fcrlich"},"content":{"rendered":"<p><div class=\"fusion-fullwidth fullwidth-box fusion-builder-row-1 nonhundred-percent-fullwidth non-hundred-percent-height-scrolling\" style=\"--awb-border-radius-top-left:0px;--awb-border-radius-top-right:0px;--awb-border-radius-bottom-right:0px;--awb-border-radius-bottom-left:0px;--awb-flex-wrap:wrap;\" ><div class=\"fusion-builder-row fusion-row\"><div class=\"fusion-layout-column fusion_builder_column fusion-builder-column-0 fusion_builder_column_1_1 1_1 fusion-one-full fusion-column-first fusion-column-last fusion-animated\" style=\"--awb-bg-size:cover;\" data-animationType=\"fadeInUp\" data-animationDuration=\"0.5\" data-animationOffset=\"top-into-view\"><div class=\"fusion-column-wrapper fusion-column-has-shadow fusion-flex-column-wrapper-legacy\"><div class=\"fusion-title title fusion-title-1 sep-underline sep-solid fusion-title-text fusion-title-size-two\" style=\"--awb-text-color:#8bc34a;--awb-margin-top-small:0px;--awb-margin-right-small:0px;--awb-margin-bottom-small:20px;--awb-margin-left-small:0px;\"><h2 class=\"fusion-title-heading title-heading-left\" style=\"margin:0;\">Nat\u00fcrlich<\/h2><\/div><div class=\"fusion-text fusion-text-1\"><p>NaturDent Haftcreme besteht aus Lebensmittelinhaltsstoffen, welche auch in der Lebensmittelindustrie verwendet werden.<\/p>\n<\/div><div class=\"fusion-clearfix\"><\/div><\/div><\/div><\/div><\/div><div class=\"fusion-fullwidth fullwidth-box fusion-builder-row-2 nonhundred-percent-fullwidth non-hundred-percent-height-scrolling\" style=\"--awb-border-radius-top-left:0px;--awb-border-radius-top-right:0px;--awb-border-radius-bottom-right:0px;--awb-border-radius-bottom-left:0px;--awb-flex-wrap:wrap;\" ><div class=\"fusion-builder-row fusion-row\"><div class=\"fusion-layout-column fusion_builder_column fusion-builder-column-1 fusion_builder_column_1_5 1_5 fusion-one-fifth fusion-column-first fusion-animated\" style=\"--awb-bg-size:cover;width:20%;width:calc(20% - ( ( 4% ) * 0.2 ) );margin-right: 4%;\" data-animationType=\"fadeInUp\" data-animationDuration=\"0.5\" data-animationOffset=\"top-into-view\"><div class=\"fusion-column-wrapper fusion-column-has-shadow fusion-flex-column-wrapper-legacy\"><div class=\"fusion-image-element fusion-image-align-center in-legacy-container\" style=\"text-align:center;--awb-caption-title-font-family:var(--h2_typography-font-family);--awb-caption-title-font-weight:var(--h2_typography-font-weight);--awb-caption-title-font-style:var(--h2_typography-font-style);--awb-caption-title-size:var(--h2_typography-font-size);--awb-caption-title-transform:var(--h2_typography-text-transform);--awb-caption-title-line-height:var(--h2_typography-line-height);--awb-caption-title-letter-spacing:var(--h2_typography-letter-spacing);\"><div class=\"imageframe-align-center\"><span class=\" fusion-imageframe imageframe-none imageframe-1 hover-type-none\"><img decoding=\"async\" width=\"4896\" height=\"3264\" title=\"Yellow wood rubber\" src=\"https:\/\/naturdent.eu\/wp-content\/uploads\/2019\/08\/AdobeStock_244567905.jpeg\" alt class=\"img-responsive wp-image-299\" srcset=\"https:\/\/naturdent.eu\/wp-content\/uploads\/2019\/08\/AdobeStock_244567905-200x133.jpeg 200w, https:\/\/naturdent.eu\/wp-content\/uploads\/2019\/08\/AdobeStock_244567905-400x267.jpeg 400w, https:\/\/naturdent.eu\/wp-content\/uploads\/2019\/08\/AdobeStock_244567905-600x400.jpeg 600w, https:\/\/naturdent.eu\/wp-content\/uploads\/2019\/08\/AdobeStock_244567905-800x533.jpeg 800w, https:\/\/naturdent.eu\/wp-content\/uploads\/2019\/08\/AdobeStock_244567905-1200x800.jpeg 1200w, https:\/\/naturdent.eu\/wp-content\/uploads\/2019\/08\/AdobeStock_244567905.jpeg 4896w\" sizes=\"(max-width: 800px) 100vw, 400px\" \/><\/span><\/div><\/div><div class=\"fusion-clearfix\"><\/div><\/div><\/div><div class=\"fusion-layout-column fusion_builder_column fusion-builder-column-2 fusion_builder_column_4_5 4_5 fusion-four-fifth fusion-column-last fusion-animated\" style=\"--awb-bg-size:cover;width:80%;width:calc(80% - ( ( 4% ) * 0.8 ) );\" data-animationType=\"fadeInUp\" data-animationDuration=\"0.5\" data-animationOffset=\"top-into-view\"><div class=\"fusion-column-wrapper fusion-column-has-shadow fusion-flex-column-wrapper-legacy\"><div class=\"fusion-text fusion-text-2\"><p><strong>Koniferenharz<\/strong><br \/>\nDieser Inhaltsstoff ist die nat\u00fcrliche Zutat die als Kleber in der NaturDent Haftcreme verwendet wird. Das verwendete Harz wird unter anderem auch verwendet f\u00fcr Lebensmittel und ist die Basis f\u00fcr Kaugummi. Quelle: FDA Regulation 175105, 176170 and 176180.<\/p>\n<\/div><div class=\"fusion-clearfix\"><\/div><\/div><\/div><\/div><\/div><div class=\"fusion-fullwidth fullwidth-box fusion-builder-row-3 nonhundred-percent-fullwidth non-hundred-percent-height-scrolling\" style=\"--awb-border-radius-top-left:0px;--awb-border-radius-top-right:0px;--awb-border-radius-bottom-right:0px;--awb-border-radius-bottom-left:0px;--awb-flex-wrap:wrap;\" ><div class=\"fusion-builder-row fusion-row\"><div class=\"fusion-layout-column fusion_builder_column fusion-builder-column-3 fusion_builder_column_1_5 1_5 fusion-one-fifth fusion-column-first fusion-animated\" style=\"--awb-bg-size:cover;width:20%;width:calc(20% - ( ( 4% ) * 0.2 ) );margin-right: 4%;\" data-animationType=\"fadeInUp\" data-animationDuration=\"0.5\" data-animationOffset=\"top-into-view\"><div class=\"fusion-column-wrapper fusion-column-has-shadow fusion-flex-column-wrapper-legacy\"><div class=\"fusion-image-element fusion-image-align-center in-legacy-container\" style=\"text-align:center;--awb-caption-title-font-family:var(--h2_typography-font-family);--awb-caption-title-font-weight:var(--h2_typography-font-weight);--awb-caption-title-font-style:var(--h2_typography-font-style);--awb-caption-title-size:var(--h2_typography-font-size);--awb-caption-title-transform:var(--h2_typography-text-transform);--awb-caption-title-line-height:var(--h2_typography-line-height);--awb-caption-title-letter-spacing:var(--h2_typography-letter-spacing);\"><div class=\"imageframe-align-center\"><span class=\" fusion-imageframe imageframe-none imageframe-2 hover-type-none\"><img decoding=\"async\" width=\"3928\" height=\"3101\" title=\"chewing gum pieces isolated on white\" src=\"https:\/\/naturdent.eu\/wp-content\/uploads\/2019\/08\/PVA-GEKAUFT.jpeg\" alt class=\"img-responsive wp-image-306\" srcset=\"https:\/\/naturdent.eu\/wp-content\/uploads\/2019\/08\/PVA-GEKAUFT-200x158.jpeg 200w, https:\/\/naturdent.eu\/wp-content\/uploads\/2019\/08\/PVA-GEKAUFT-400x316.jpeg 400w, https:\/\/naturdent.eu\/wp-content\/uploads\/2019\/08\/PVA-GEKAUFT-600x474.jpeg 600w, https:\/\/naturdent.eu\/wp-content\/uploads\/2019\/08\/PVA-GEKAUFT-800x632.jpeg 800w, https:\/\/naturdent.eu\/wp-content\/uploads\/2019\/08\/PVA-GEKAUFT-1200x947.jpeg 1200w, https:\/\/naturdent.eu\/wp-content\/uploads\/2019\/08\/PVA-GEKAUFT.jpeg 3928w\" sizes=\"(max-width: 800px) 100vw, 400px\" \/><\/span><\/div><\/div><div class=\"fusion-clearfix\"><\/div><\/div><\/div><div class=\"fusion-layout-column fusion_builder_column fusion-builder-column-4 fusion_builder_column_4_5 4_5 fusion-four-fifth fusion-column-last fusion-animated\" style=\"--awb-bg-size:cover;width:80%;width:calc(80% - ( ( 4% ) * 0.8 ) );\" data-animationType=\"fadeInUp\" data-animationDuration=\"0.5\" data-animationOffset=\"top-into-view\"><div class=\"fusion-column-wrapper fusion-column-has-shadow fusion-flex-column-wrapper-legacy\"><div class=\"fusion-text fusion-text-3\"><p><strong>Polyvinylacetate (PVA)<\/strong><br \/>\nPVA wird auch als Kleber-Grundstoff in unserer Haftcreme verwendet. Dieser Inhaltsstoff wird in der Lebensmittelindustrie haupts\u00e4chlich zur Herstellung von Kaugummis verwendet.<\/p>\n<\/div><div class=\"fusion-clearfix\"><\/div><\/div><\/div><\/div><\/div><div class=\"fusion-fullwidth fullwidth-box fusion-builder-row-4 nonhundred-percent-fullwidth non-hundred-percent-height-scrolling\" style=\"--awb-border-radius-top-left:0px;--awb-border-radius-top-right:0px;--awb-border-radius-bottom-right:0px;--awb-border-radius-bottom-left:0px;--awb-flex-wrap:wrap;\" ><div class=\"fusion-builder-row fusion-row\"><div class=\"fusion-layout-column fusion_builder_column fusion-builder-column-5 fusion_builder_column_1_5 1_5 fusion-one-fifth fusion-column-first fusion-animated\" style=\"--awb-bg-size:cover;width:20%;width:calc(20% - ( ( 4% ) * 0.2 ) );margin-right: 4%;\" data-animationType=\"fadeInUp\" data-animationDuration=\"0.5\" data-animationOffset=\"top-into-view\"><div class=\"fusion-column-wrapper fusion-column-has-shadow fusion-flex-column-wrapper-legacy\"><div class=\"fusion-image-element fusion-image-align-center in-legacy-container\" style=\"text-align:center;--awb-caption-title-font-family:var(--h2_typography-font-family);--awb-caption-title-font-weight:var(--h2_typography-font-weight);--awb-caption-title-font-style:var(--h2_typography-font-style);--awb-caption-title-size:var(--h2_typography-font-size);--awb-caption-title-transform:var(--h2_typography-text-transform);--awb-caption-title-line-height:var(--h2_typography-line-height);--awb-caption-title-letter-spacing:var(--h2_typography-letter-spacing);\"><div class=\"imageframe-align-center\"><span class=\" fusion-imageframe imageframe-none imageframe-3 hover-type-none\"><img decoding=\"async\" width=\"6412\" height=\"4016\" title=\"Sawdust and shavings\" src=\"https:\/\/naturdent.eu\/wp-content\/uploads\/2019\/08\/CMC-GEKAUFT.jpeg\" alt class=\"img-responsive wp-image-302\" srcset=\"https:\/\/naturdent.eu\/wp-content\/uploads\/2019\/08\/CMC-GEKAUFT-200x125.jpeg 200w, https:\/\/naturdent.eu\/wp-content\/uploads\/2019\/08\/CMC-GEKAUFT-400x251.jpeg 400w, https:\/\/naturdent.eu\/wp-content\/uploads\/2019\/08\/CMC-GEKAUFT-600x376.jpeg 600w, https:\/\/naturdent.eu\/wp-content\/uploads\/2019\/08\/CMC-GEKAUFT-800x501.jpeg 800w, https:\/\/naturdent.eu\/wp-content\/uploads\/2019\/08\/CMC-GEKAUFT-1200x752.jpeg 1200w, https:\/\/naturdent.eu\/wp-content\/uploads\/2019\/08\/CMC-GEKAUFT.jpeg 6412w\" sizes=\"(max-width: 800px) 100vw, 400px\" \/><\/span><\/div><\/div><div class=\"fusion-clearfix\"><\/div><\/div><\/div><div class=\"fusion-layout-column fusion_builder_column fusion-builder-column-6 fusion_builder_column_4_5 4_5 fusion-four-fifth fusion-column-last fusion-animated\" style=\"--awb-bg-size:cover;width:80%;width:calc(80% - ( ( 4% ) * 0.8 ) );\" data-animationType=\"fadeInUp\" data-animationDuration=\"0.5\" data-animationOffset=\"top-into-view\"><div class=\"fusion-column-wrapper fusion-column-has-shadow fusion-flex-column-wrapper-legacy\"><div class=\"fusion-text fusion-text-4\"><p><strong>Sodium Carboxymethylcellulose<\/strong>\u00a0<strong>(CMC)<br \/>\n<\/strong>Die zweite unserer Hauptzutaten der NaturDent Haftcreme. Das CMC sind Holzfasern und funktioniert wie ein Schwamm. Es saugt den Speichel\/Mundschleimhaut auf und h\u00e4lt das Koniferenharz trocken \u2013 so ist es m\u00f6glich, dass die Haftcreme den ganzen Tag h\u00e4lt. Am Ende des Tages ist der \u201eSchwamm\u201c ges\u00e4ttigt und die Haftkraft l\u00e4sst nach.<\/p>\n<\/div><div class=\"fusion-clearfix\"><\/div><\/div><\/div><\/div><\/div><div class=\"fusion-fullwidth fullwidth-box fusion-builder-row-5 nonhundred-percent-fullwidth non-hundred-percent-height-scrolling\" style=\"--awb-border-radius-top-left:0px;--awb-border-radius-top-right:0px;--awb-border-radius-bottom-right:0px;--awb-border-radius-bottom-left:0px;--awb-flex-wrap:wrap;\" ><div class=\"fusion-builder-row fusion-row\"><div class=\"fusion-layout-column fusion_builder_column fusion-builder-column-7 fusion_builder_column_1_5 1_5 fusion-one-fifth fusion-column-first fusion-animated\" style=\"--awb-bg-size:cover;width:20%;width:calc(20% - ( ( 4% ) * 0.2 ) );margin-right: 4%;\" data-animationType=\"fadeInUp\" data-animationDuration=\"0.5\" data-animationOffset=\"top-into-view\"><div class=\"fusion-column-wrapper fusion-column-has-shadow fusion-flex-column-wrapper-legacy\"><div class=\"fusion-image-element fusion-image-align-center in-legacy-container\" style=\"text-align:center;--awb-caption-title-font-family:var(--h2_typography-font-family);--awb-caption-title-font-weight:var(--h2_typography-font-weight);--awb-caption-title-font-style:var(--h2_typography-font-style);--awb-caption-title-size:var(--h2_typography-font-size);--awb-caption-title-transform:var(--h2_typography-text-transform);--awb-caption-title-line-height:var(--h2_typography-line-height);--awb-caption-title-letter-spacing:var(--h2_typography-letter-spacing);\"><div class=\"imageframe-align-center\"><span class=\" fusion-imageframe imageframe-none imageframe-4 hover-type-none\"><img decoding=\"async\" width=\"931\" height=\"720\" title=\"Cocos\" src=\"https:\/\/naturdent.eu\/wp-content\/uploads\/2019\/08\/Cocos.jpg\" alt class=\"img-responsive wp-image-304\" srcset=\"https:\/\/naturdent.eu\/wp-content\/uploads\/2019\/08\/Cocos-200x155.jpg 200w, https:\/\/naturdent.eu\/wp-content\/uploads\/2019\/08\/Cocos-400x309.jpg 400w, https:\/\/naturdent.eu\/wp-content\/uploads\/2019\/08\/Cocos-600x464.jpg 600w, https:\/\/naturdent.eu\/wp-content\/uploads\/2019\/08\/Cocos-800x619.jpg 800w, https:\/\/naturdent.eu\/wp-content\/uploads\/2019\/08\/Cocos.jpg 931w\" sizes=\"(max-width: 800px) 100vw, 400px\" \/><\/span><\/div><\/div><div class=\"fusion-clearfix\"><\/div><\/div><\/div><div class=\"fusion-layout-column fusion_builder_column fusion-builder-column-8 fusion_builder_column_4_5 4_5 fusion-four-fifth fusion-column-last fusion-animated\" style=\"--awb-bg-size:cover;width:80%;width:calc(80% - ( ( 4% ) * 0.8 ) );\" data-animationType=\"fadeInUp\" data-animationDuration=\"0.5\" data-animationOffset=\"top-into-view\"><div class=\"fusion-column-wrapper fusion-column-has-shadow fusion-flex-column-wrapper-legacy\"><div class=\"fusion-text fusion-text-5\"><p><strong>Cocos nucifera oil<\/strong><br \/>\nIst eine nachhaltige Zutat und hat keinen Effekt auf die Umwelt. Es ist f\u00fcr die Konsistenz und Verstreichbarkeit der Haftcreme verantwortlich.<\/p>\n<\/div><div class=\"fusion-clearfix\"><\/div><\/div><\/div><\/div><\/div><div class=\"fusion-fullwidth fullwidth-box fusion-builder-row-6 nonhundred-percent-fullwidth non-hundred-percent-height-scrolling\" style=\"--awb-border-radius-top-left:0px;--awb-border-radius-top-right:0px;--awb-border-radius-bottom-right:0px;--awb-border-radius-bottom-left:0px;--awb-flex-wrap:wrap;\" ><div class=\"fusion-builder-row fusion-row\"><div class=\"fusion-layout-column fusion_builder_column fusion-builder-column-9 fusion_builder_column_1_5 1_5 fusion-one-fifth fusion-column-first fusion-animated\" style=\"--awb-bg-size:cover;width:20%;width:calc(20% - ( ( 4% ) * 0.2 ) );margin-right: 4%;\" data-animationType=\"fadeInUp\" data-animationDuration=\"0.5\" data-animationOffset=\"top-into-view\"><div class=\"fusion-column-wrapper fusion-column-has-shadow fusion-flex-column-wrapper-legacy\"><div class=\"fusion-image-element fusion-image-align-center in-legacy-container\" style=\"text-align:center;--awb-caption-title-font-family:var(--h2_typography-font-family);--awb-caption-title-font-weight:var(--h2_typography-font-weight);--awb-caption-title-font-style:var(--h2_typography-font-style);--awb-caption-title-size:var(--h2_typography-font-size);--awb-caption-title-transform:var(--h2_typography-text-transform);--awb-caption-title-line-height:var(--h2_typography-line-height);--awb-caption-title-letter-spacing:var(--h2_typography-letter-spacing);\"><div class=\"imageframe-align-center\"><span class=\" fusion-imageframe imageframe-none imageframe-5 hover-type-none\"><img decoding=\"async\" width=\"5048\" height=\"3982\" title=\"White Powder of Gypsum, Clay or Diatomite Isolated on Grey Background\" src=\"https:\/\/naturdent.eu\/wp-content\/uploads\/2019\/08\/Silica-GEKAUFT.jpeg\" alt class=\"img-responsive wp-image-308\" srcset=\"https:\/\/naturdent.eu\/wp-content\/uploads\/2019\/08\/Silica-GEKAUFT-200x158.jpeg 200w, https:\/\/naturdent.eu\/wp-content\/uploads\/2019\/08\/Silica-GEKAUFT-400x316.jpeg 400w, https:\/\/naturdent.eu\/wp-content\/uploads\/2019\/08\/Silica-GEKAUFT-600x473.jpeg 600w, https:\/\/naturdent.eu\/wp-content\/uploads\/2019\/08\/Silica-GEKAUFT-800x631.jpeg 800w, https:\/\/naturdent.eu\/wp-content\/uploads\/2019\/08\/Silica-GEKAUFT-1200x947.jpeg 1200w, https:\/\/naturdent.eu\/wp-content\/uploads\/2019\/08\/Silica-GEKAUFT.jpeg 5048w\" sizes=\"(max-width: 800px) 100vw, 400px\" \/><\/span><\/div><\/div><div class=\"fusion-clearfix\"><\/div><\/div><\/div><div class=\"fusion-layout-column fusion_builder_column fusion-builder-column-10 fusion_builder_column_4_5 4_5 fusion-four-fifth fusion-column-last fusion-animated\" style=\"--awb-bg-size:cover;width:80%;width:calc(80% - ( ( 4% ) * 0.8 ) );\" data-animationType=\"fadeInUp\" data-animationDuration=\"0.5\" data-animationOffset=\"top-into-view\"><div class=\"fusion-column-wrapper fusion-column-has-shadow fusion-flex-column-wrapper-legacy\"><div class=\"fusion-text fusion-text-6\"><p><strong>Silica<\/strong><br \/>\nH\u00e4lt den Gaumen trocken und unterst\u00fctzt die Kombinationswirkung von CMC und PVA. Es wird in der Lebensmittelindustrie \u00fcblicherweise aufgrund der kleinen Partikeln und gro\u00dfen Poren verwendet. In der entfernten Zukunft sollte mit Zucker angereichertes Silica den weltweiten Zuckerkonsum reduzieren.<\/p>\n<p><em>Siehe Link:\u00a0<a href=\"https:\/\/qz.com\/1346334\/a-new-form-of-sugar-made-in-israel-is-about-to-make-european-cake-and-candy-much-healthier\/\" target=\"_blank\" rel=\"noreferrer noopener\">https:\/\/qz.com\/1346334\/a-new-form-of-sugar-made-in-israel-is-about-to-make-european-cake-and-candy-much-healthier\/<\/a><\/em><\/p>\n<\/div><div class=\"fusion-clearfix\"><\/div><\/div><\/div><div class=\"fusion-layout-column fusion_builder_column fusion-builder-column-11 fusion_builder_column_1_1 1_1 fusion-one-full fusion-column-first fusion-column-last fusion-animated\" style=\"--awb-bg-size:cover;\" data-animationType=\"fadeInUp\" data-animationDuration=\"0.5\" data-animationOffset=\"top-into-view\"><div class=\"fusion-column-wrapper fusion-column-has-shadow fusion-flex-column-wrapper-legacy\"><div class=\"fusion-button-wrapper fusion-aligncenter\"><a class=\"fusion-button button-flat fusion-button-default-size button-custom fusion-button-default button-1 fusion-button-default-span fusion-button-default-type\" style=\"--button_accent_color:#ffffff;--button_accent_hover_color:#ffffff;--button_border_hover_color:#ffffff;--button-border-radius-top-left:25px;--button-border-radius-top-right:25px;--button-border-radius-bottom-right:25px;--button-border-radius-bottom-left:25px;--button_gradient_top_color:#81b304;--button_gradient_bottom_color:#81b304;--button_gradient_top_color_hover:#ecb00e;--button_gradient_bottom_color_hover:#ecb00e;\" target=\"_self\" href=\"https:\/\/naturdent.eu\/de\/\"><span class=\"fusion-button-text awb-button__text awb-button__text--default\">Home<\/span><\/a><\/div><div class=\"fusion-clearfix\"><\/div><\/div><\/div><\/div><\/div><\/p>\n","protected":false},"excerpt":{"rendered":"","protected":false},"author":1,"featured_media":0,"parent":0,"menu_order":40,"comment_status":"closed","ping_status":"closed","template":"","meta":{"footnotes":""},"class_list":["post-59","page","type-page","status-publish","hentry"],"_links":{"self":[{"href":"https:\/\/naturdent.eu\/de\/wp-json\/wp\/v2\/pages\/59","targetHints":{"allow":["GET"]}}],"collection":[{"href":"https:\/\/naturdent.eu\/de\/wp-json\/wp\/v2\/pages"}],"about":[{"href":"https:\/\/naturdent.eu\/de\/wp-json\/wp\/v2\/types\/page"}],"author":[{"embeddable":true,"href":"https:\/\/naturdent.eu\/de\/wp-json\/wp\/v2\/users\/1"}],"replies":[{"embeddable":true,"href":"https:\/\/naturdent.eu\/de\/wp-json\/wp\/v2\/comments?post=59"}],"version-history":[{"count":0,"href":"https:\/\/naturdent.eu\/de\/wp-json\/wp\/v2\/pages\/59\/revisions"}],"wp:attachment":[{"href":"https:\/\/naturdent.eu\/de\/wp-json\/wp\/v2\/media?parent=59"}],"curies":[{"name":"wp","href":"https:\/\/api.w.org\/{rel}","templated":true}]}}