{"id":58,"date":"2019-08-05T10:20:44","date_gmt":"2019-08-05T10:20:44","guid":{"rendered":"https:\/\/naturdent.eu\/vorteile\/"},"modified":"2020-11-24T12:59:32","modified_gmt":"2020-11-24T10:59:32","slug":"vorteile","status":"publish","type":"page","link":"https:\/\/naturdent.eu\/de\/vorteile\/","title":{"rendered":"Vorteile"},"content":{"rendered":"<p><div class=\"fusion-fullwidth fullwidth-box fusion-builder-row-1 nonhundred-percent-fullwidth non-hundred-percent-height-scrolling\" style=\"--awb-border-radius-top-left:0px;--awb-border-radius-top-right:0px;--awb-border-radius-bottom-right:0px;--awb-border-radius-bottom-left:0px;--awb-flex-wrap:wrap;\" ><div class=\"fusion-builder-row fusion-row\"><div class=\"fusion-layout-column fusion_builder_column fusion-builder-column-0 fusion_builder_column_1_1 1_1 fusion-one-full fusion-column-first fusion-column-last fusion-animated\" style=\"--awb-bg-size:cover;\" data-animationType=\"fadeInUp\" data-animationDuration=\"0.5\" data-animationOffset=\"top-into-view\"><div class=\"fusion-column-wrapper fusion-column-has-shadow fusion-flex-column-wrapper-legacy\"><div class=\"fusion-title title fusion-title-1 sep-underline sep-solid fusion-title-text fusion-title-size-two\" style=\"--awb-text-color:#8bc34a;--awb-margin-top-small:0px;--awb-margin-right-small:0px;--awb-margin-bottom-small:20px;--awb-margin-left-small:0px;\"><h2 class=\"fusion-title-heading title-heading-left\" style=\"margin:0;\">Vorteile<\/h2><\/div><div class=\"fusion-text fusion-text-1\"><p>Bevor wir NaturDent auf den Markt gebracht haben, war es uns wichtig eine Haftcreme zu entwickeln die den hohen Anforderungen eines gesundheits- und umweltbewussten Kunden entsprechen.<\/p>\n<p>NaturDent besteht aus 100% Lebensmittelinhaltstoffen, ist vegan, zink-, gluten-, laktose- und tierversuchsfrei.<\/p>\n<\/div><div class=\"fusion-clearfix\"><\/div><\/div><\/div><\/div><\/div><div class=\"fusion-fullwidth fullwidth-box fusion-builder-row-2 nonhundred-percent-fullwidth non-hundred-percent-height-scrolling\" style=\"--awb-border-radius-top-left:0px;--awb-border-radius-top-right:0px;--awb-border-radius-bottom-right:0px;--awb-border-radius-bottom-left:0px;--awb-flex-wrap:wrap;\" ><div class=\"fusion-builder-row fusion-row\"><div class=\"fusion-layout-column fusion_builder_column fusion-builder-column-1 fusion_builder_column_1_5 1_5 fusion-one-fifth fusion-column-first fusion-animated\" style=\"--awb-bg-size:cover;width:20%;width:calc(20% - ( ( 4% ) * 0.2 ) );margin-right: 4%;\" data-animationType=\"fadeInUp\" data-animationDuration=\"0.5\" data-animationOffset=\"top-into-view\"><div class=\"fusion-column-wrapper fusion-column-has-shadow fusion-flex-column-wrapper-legacy\"><div class=\"fusion-image-element fusion-image-align-center in-legacy-container\" style=\"text-align:center;--awb-caption-title-font-family:var(--h2_typography-font-family);--awb-caption-title-font-weight:var(--h2_typography-font-weight);--awb-caption-title-font-style:var(--h2_typography-font-style);--awb-caption-title-size:var(--h2_typography-font-size);--awb-caption-title-transform:var(--h2_typography-text-transform);--awb-caption-title-line-height:var(--h2_typography-line-height);--awb-caption-title-letter-spacing:var(--h2_typography-letter-spacing);\"><div class=\"imageframe-align-center\"><span class=\" fusion-imageframe imageframe-none imageframe-1 hover-type-none\"><img decoding=\"async\" width=\"100\" height=\"100\" title=\"Vegan\" src=\"https:\/\/naturdent.eu\/wp-content\/uploads\/2019\/08\/Vegan.png\" alt class=\"img-responsive wp-image-78\" srcset=\"https:\/\/naturdent.eu\/wp-content\/uploads\/2019\/08\/Vegan-66x66.png 66w, https:\/\/naturdent.eu\/wp-content\/uploads\/2019\/08\/Vegan.png 100w\" sizes=\"(max-width: 100px) 100vw, 100px\" \/><\/span><\/div><\/div><div class=\"fusion-clearfix\"><\/div><\/div><\/div><div class=\"fusion-layout-column fusion_builder_column fusion-builder-column-2 fusion_builder_column_4_5 4_5 fusion-four-fifth fusion-column-last fusion-animated\" style=\"--awb-bg-size:cover;width:80%;width:calc(80% - ( ( 4% ) * 0.8 ) );\" data-animationType=\"fadeInUp\" data-animationDuration=\"0.5\" data-animationOffset=\"top-into-view\"><div class=\"fusion-column-wrapper fusion-column-has-shadow fusion-flex-column-wrapper-legacy\"><div class=\"fusion-text fusion-text-2\"><div class=\"fusion-text\">\n<p><strong>Vegan<br \/>\n<\/strong>Veganismus ist eine aus dem Vegetarismus hervorgegangene Einstellung sowie Lebens- und Ern\u00e4hrungsweise. Vegan-lebende Menschen meiden entweder alle Nahrungsmittel tierischen Ursprungs, oder sie lehnen generell die Verwertung tierischer Produkte und Ausbeutung der Tiere ab.<\/p>\n<\/div>\n<div class=\"fusion-text\">\n<p><em>Quelle:\u00a0<\/em><a href=\"https:\/\/de.wikipedia.org\/wiki\/Veganismus\" target=\"_blank\" rel=\"noopener noreferrer\"><em>https:\/\/de.wikipedia.org\/wiki\/Veganismus<\/em><\/a><\/p>\n<\/div>\n<\/div><div class=\"fusion-clearfix\"><\/div><\/div><\/div><\/div><\/div><div class=\"fusion-fullwidth fullwidth-box fusion-builder-row-3 nonhundred-percent-fullwidth non-hundred-percent-height-scrolling\" style=\"--awb-border-radius-top-left:0px;--awb-border-radius-top-right:0px;--awb-border-radius-bottom-right:0px;--awb-border-radius-bottom-left:0px;--awb-flex-wrap:wrap;\" ><div class=\"fusion-builder-row fusion-row\"><div class=\"fusion-layout-column fusion_builder_column fusion-builder-column-3 fusion_builder_column_1_5 1_5 fusion-one-fifth fusion-column-first fusion-animated\" style=\"--awb-bg-size:cover;width:20%;width:calc(20% - ( ( 4% ) * 0.2 ) );margin-right: 4%;\" data-animationType=\"fadeInUp\" data-animationDuration=\"0.5\" data-animationOffset=\"top-into-view\"><div class=\"fusion-column-wrapper fusion-column-has-shadow fusion-flex-column-wrapper-legacy\"><div class=\"fusion-image-element fusion-image-align-center in-legacy-container\" style=\"text-align:center;--awb-caption-title-font-family:var(--h2_typography-font-family);--awb-caption-title-font-weight:var(--h2_typography-font-weight);--awb-caption-title-font-style:var(--h2_typography-font-style);--awb-caption-title-size:var(--h2_typography-font-size);--awb-caption-title-transform:var(--h2_typography-text-transform);--awb-caption-title-line-height:var(--h2_typography-line-height);--awb-caption-title-letter-spacing:var(--h2_typography-letter-spacing);\"><div class=\"imageframe-align-center\"><span class=\" fusion-imageframe imageframe-none imageframe-2 hover-type-none\"><img decoding=\"async\" width=\"100\" height=\"100\" title=\"Glutenfrei\" src=\"https:\/\/naturdent.eu\/wp-content\/uploads\/2019\/08\/Glutenfrei.png\" alt class=\"img-responsive wp-image-108\" srcset=\"https:\/\/naturdent.eu\/wp-content\/uploads\/2019\/08\/Glutenfrei-66x66.png 66w, https:\/\/naturdent.eu\/wp-content\/uploads\/2019\/08\/Glutenfrei.png 100w\" sizes=\"(max-width: 100px) 100vw, 100px\" \/><\/span><\/div><\/div><div class=\"fusion-clearfix\"><\/div><\/div><\/div><div class=\"fusion-layout-column fusion_builder_column fusion-builder-column-4 fusion_builder_column_4_5 4_5 fusion-four-fifth fusion-column-last fusion-animated\" style=\"--awb-bg-size:cover;width:80%;width:calc(80% - ( ( 4% ) * 0.8 ) );\" data-animationType=\"fadeInUp\" data-animationDuration=\"0.5\" data-animationOffset=\"top-into-view\"><div class=\"fusion-column-wrapper fusion-column-has-shadow fusion-flex-column-wrapper-legacy\"><div class=\"fusion-text fusion-text-3\"><p><strong>Glutenfrei<br \/>\n<\/strong>Was ist Gluten? Gluten ist auch unter der Bezeichnung Kleber oder Klebereiwei\u00df bekannt. Der Name l\u00e4sst eigentlich vermuten, dass sich Gluten ausschlie\u00dflich aus einem Eiwei\u00dfmolek\u00fcl zusammensetzt, was so nicht ganz richtig ist. Tats\u00e4chlich handelt es sich bei Gluten um ein ganzes Proteingemisch. Dieses ist in vielen Getreidek\u00f6rnern enthalten. In hoher Konzentration kommt es in Weizen vor, dicht gefolgt von Dinkel und Roggen. Doch auch in anderen Getreidesorten wie Hafer und Dinkel ist Gluten in modifizierter Form enthalten.<\/p>\n<p class=\"has-small-font-size\"><em>Apropos Name: Das Wort Gluten \u00e4hnelt dem Wort Glutamat, weshalb manchmal der Eindruck entsteht, dass es um verwandte Stoffe handelt. Tats\u00e4chlich haben Gluten und Glutamat aus ern\u00e4hrungsphysiologischer Sicht nichts miteinander zu tun. Bei Gluten handelt es sich um ein nat\u00fcrliches Eiwei\u00df, das in vielen heimischen Getreidesorten vorkommt. Glutamat ist das Salz der Glutamins\u00e4ure. Es findet haupts\u00e4chlich als Geschmacksverst\u00e4rker in W\u00fcrzmittel und Fertiggerichten Verwendung.<\/em><\/p>\n<p>Zur\u00fcck zu Gluten. Woraus setzt sich Gluten im Detail zusammen? Gluten besteht aus Eiwei\u00dfmolek\u00fclen der sogenannten Glutelinen und Prolaminen. Um es noch ein bisschen komplizierter zu machen: Prolamin ist die Kollektivbezeichnung f\u00fcr Gliadin und Glutenin, ebenfalls zwei spezifische Proteintypen.<\/p>\n<p class=\"has-small-font-size\"><em>Quelle:\u00a0<\/em><a href=\"https:\/\/www.minimed.at\/medizinische-themen\/stoffwechsel-verdauung\/gluten\/\" target=\"_blank\" rel=\"noopener noreferrer\"><em>https:\/\/www.minimed.at\/medizinische-themen\/stoffwechsel-verdauung\/gluten\/<\/em><\/a><\/p>\n<\/div><div class=\"fusion-clearfix\"><\/div><\/div><\/div><\/div><\/div><div class=\"fusion-fullwidth fullwidth-box fusion-builder-row-4 nonhundred-percent-fullwidth non-hundred-percent-height-scrolling\" style=\"--awb-border-radius-top-left:0px;--awb-border-radius-top-right:0px;--awb-border-radius-bottom-right:0px;--awb-border-radius-bottom-left:0px;--awb-flex-wrap:wrap;\" ><div class=\"fusion-builder-row fusion-row\"><div class=\"fusion-layout-column fusion_builder_column fusion-builder-column-5 fusion_builder_column_1_5 1_5 fusion-one-fifth fusion-column-first fusion-animated\" style=\"--awb-bg-size:cover;width:20%;width:calc(20% - ( ( 4% ) * 0.2 ) );margin-right: 4%;\" data-animationType=\"fadeInUp\" data-animationDuration=\"0.5\" data-animationOffset=\"top-into-view\"><div class=\"fusion-column-wrapper fusion-column-has-shadow fusion-flex-column-wrapper-legacy\"><div class=\"fusion-image-element fusion-image-align-center in-legacy-container\" style=\"text-align:center;--awb-caption-title-font-family:var(--h2_typography-font-family);--awb-caption-title-font-weight:var(--h2_typography-font-weight);--awb-caption-title-font-style:var(--h2_typography-font-style);--awb-caption-title-size:var(--h2_typography-font-size);--awb-caption-title-transform:var(--h2_typography-text-transform);--awb-caption-title-line-height:var(--h2_typography-line-height);--awb-caption-title-letter-spacing:var(--h2_typography-letter-spacing);\"><div class=\"imageframe-align-center\"><span class=\" fusion-imageframe imageframe-none imageframe-3 hover-type-none\"><img decoding=\"async\" width=\"100\" height=\"100\" title=\"Zinkfrei\" src=\"https:\/\/naturdent.eu\/wp-content\/uploads\/2019\/08\/Zinkfrei.png\" alt class=\"img-responsive wp-image-106\" srcset=\"https:\/\/naturdent.eu\/wp-content\/uploads\/2019\/08\/Zinkfrei-66x66.png 66w, https:\/\/naturdent.eu\/wp-content\/uploads\/2019\/08\/Zinkfrei.png 100w\" sizes=\"(max-width: 100px) 100vw, 100px\" \/><\/span><\/div><\/div><div class=\"fusion-clearfix\"><\/div><\/div><\/div><div class=\"fusion-layout-column fusion_builder_column fusion-builder-column-6 fusion_builder_column_4_5 4_5 fusion-four-fifth fusion-column-last fusion-animated\" style=\"--awb-bg-size:cover;width:80%;width:calc(80% - ( ( 4% ) * 0.8 ) );\" data-animationType=\"fadeInUp\" data-animationDuration=\"0.5\" data-animationOffset=\"top-into-view\"><div class=\"fusion-column-wrapper fusion-column-has-shadow fusion-flex-column-wrapper-legacy\"><div class=\"fusion-text fusion-text-4\"><p><strong>Zinkfrei<br \/>\n<\/strong>Was sind die Vorteile einer zinkfreien Haftcreme?<strong><br \/>\n<\/strong>Zink Nebenwirkungen und \u00dcberdosierung Zink geh\u00f6rt zu den Metallen und kann in gr\u00f6\u00dferen Aufnahmemengen toxisch wirken. Die empfohlene H\u00f6chstgrenze f\u00fcr die Zufuhr von Zink liegt bei 40 mg f\u00fcr Erwachsene. M\u00f6gliche Anzeichen f\u00fcr eine akute Zinkvergiftung sind \u00dcbelkeit und Erbrechen, Appetitverlust, Durchfall, Bauchkr\u00e4mpfe und Kopfschmerzen. Chronische Zink \u00dcberdosierung (ab 150 mg\/Tag) k\u00f6nnen zu Ver\u00e4nderungen der Eisen- oder Kupferdepots im K\u00f6rper f\u00fchren, sowie zu einer Beeintr\u00e4chtigung des Immunsystems. Die empfohlene H\u00f6chstmenge zur Einnahme von Zink sollte daher nicht \u00fcberschritten werden.<\/p>\n<p class=\"has-small-font-size\"><em>Quelle:\u00a0<\/em><a href=\"https:\/\/www.vitaminexpress.org\/at\/zink\" target=\"_blank\" rel=\"noopener noreferrer\"><em>https:\/\/www.vitaminexpress.org\/at\/zink<\/em><\/a><\/p>\n<\/div><div class=\"fusion-clearfix\"><\/div><\/div><\/div><\/div><\/div><div class=\"fusion-fullwidth fullwidth-box fusion-builder-row-5 nonhundred-percent-fullwidth non-hundred-percent-height-scrolling image-vertical-middle\" style=\"--awb-border-radius-top-left:0px;--awb-border-radius-top-right:0px;--awb-border-radius-bottom-right:0px;--awb-border-radius-bottom-left:0px;--awb-flex-wrap:wrap;\" ><div class=\"fusion-builder-row fusion-row\"><div class=\"fusion-layout-column fusion_builder_column fusion-builder-column-7 fusion_builder_column_1_5 1_5 fusion-one-fifth fusion-column-first fusion-animated\" style=\"--awb-bg-size:cover;width:20%;width:calc(20% - ( ( 4% ) * 0.2 ) );margin-right: 4%;\" data-animationType=\"fadeInUp\" data-animationDuration=\"0.5\" data-animationOffset=\"top-into-view\"><div class=\"fusion-column-wrapper fusion-column-has-shadow fusion-flex-column-wrapper-legacy\"><div class=\"fusion-image-element fusion-image-align-center in-legacy-container\" style=\"text-align:center;--awb-caption-title-font-family:var(--h2_typography-font-family);--awb-caption-title-font-weight:var(--h2_typography-font-weight);--awb-caption-title-font-style:var(--h2_typography-font-style);--awb-caption-title-size:var(--h2_typography-font-size);--awb-caption-title-transform:var(--h2_typography-text-transform);--awb-caption-title-line-height:var(--h2_typography-line-height);--awb-caption-title-letter-spacing:var(--h2_typography-letter-spacing);\"><div class=\"imageframe-align-center\"><span class=\" fusion-imageframe imageframe-none imageframe-4 hover-type-none\"><img decoding=\"async\" width=\"100\" height=\"100\" title=\"Tierversuchsfrei\" src=\"https:\/\/naturdent.eu\/wp-content\/uploads\/2019\/08\/Tierversuchsfrei.png\" alt class=\"img-responsive wp-image-110\" srcset=\"https:\/\/naturdent.eu\/wp-content\/uploads\/2019\/08\/Tierversuchsfrei-66x66.png 66w, https:\/\/naturdent.eu\/wp-content\/uploads\/2019\/08\/Tierversuchsfrei.png 100w\" sizes=\"(max-width: 100px) 100vw, 100px\" \/><\/span><\/div><\/div><div class=\"fusion-clearfix\"><\/div><\/div><\/div><div class=\"fusion-layout-column fusion_builder_column fusion-builder-column-8 fusion_builder_column_4_5 4_5 fusion-four-fifth fusion-column-last fusion-animated\" style=\"--awb-bg-size:cover;width:80%;width:calc(80% - ( ( 4% ) * 0.8 ) );\" data-animationType=\"fadeInUp\" data-animationDuration=\"0.5\" data-animationOffset=\"top-into-view\"><div class=\"fusion-column-wrapper fusion-column-has-shadow fusion-flex-column-wrapper-legacy\"><div class=\"fusion-text fusion-text-5\"><p><strong>Tierversuchsfrei<br \/>\n<\/strong>Die PETA Organisation nimmt in der Positivliste ausschlie\u00dflich Kosmetikhersteller mit klaren Richtlinien gegen Tierversuche auf. Dies sind Unternehmen, deren Firmenpolitik eindeutig Stellung gegen Tierversuche bezieht und die so dabei helfen, Tierleid zu vermeiden und in Zukunft vollst\u00e4ndig abzuschaffen. Die gute Nachricht ist, dass darunter auch Top-Firmen wie Lush und The Body Shop sind, sowie weitere bekannte Marken, deren Produkte in Drogerien, Fachgesch\u00e4ften oder \u00fcber das Internet bezogen werden k\u00f6nnen. Diese Unternehmen f\u00fchren keinerlei Tierversuche durch und gew\u00e4hrleisten, dass auch ihre Zulieferer nicht an Tieren testen. Dies sichern sie PETA schriftlich zu, und nur dann werden sie in der Positivliste aufgenommen. Wenn Sie Produkte dieser Unternehmen kaufen, wird das auch weitere Kosmetikhersteller und Rohstofflieferanten davon \u00fcberzeugen, von Tierversuchen abzusehen und auf moderne und zuverl\u00e4ssige Testverfahren umzusteigen. Viele Kosmetikhersteller thematisieren die Frage nach Tierversuchen mittlerweile auf ihrer Website oder auf Anfrage von Verbrauchern. Ihre Antworten m\u00fcssen oft sehr genau gelesen werden, um zu verstehen, was wirklich dahinter steckt. So weichen manche Hersteller beispielsweise darauf aus, dass die Bezeichnung \u201etierversuchsfrei\u201c auf Verpackungen nicht abgedruckt werden darf, da fast jeder Inhaltsstoff von Kosmetikprodukten irgendwann einmal an Tieren getestet wurde. Das stimmt zwar, dennoch k\u00f6nnten die Unternehmen nat\u00fcrlich ein wichtiges Signal gegen Tierversuche senden, indem sie nur Inhaltsstoffe verwenden, die bereits zugelassen sind und f\u00fcr die keine erneuten Tests durchgef\u00fchrt werden m\u00fcssen.<\/p>\n<p class=\"has-small-font-size\"><em>Quelle:\u00a0<\/em><a href=\"https:\/\/kosmetik.peta.de\/tierversuche-fuer-kosmetika\/\" target=\"_blank\" rel=\"noopener noreferrer\"><em>https:\/\/kosmetik.peta.de\/tierversuche-fuer-kosmetika\/<\/em><\/a><\/p>\n<p class=\"has-small-font-size\">WIR SIND NUN OFFIZIELLES MITGLIED VON <img decoding=\"async\" class=\"alignnone wp-image-965\" title=\"http:\/\/features.peta.org\/cruelty-free-company-search\/cruelty_free_companies_company.aspx?Com_Id=7785\" src=\"https:\/\/naturdent.eu\/wp-content\/uploads\/2019\/10\/CrueltyFreeVeganLogo_CMYK_300-e1570188504696-300x196.jpg\" alt=\"\" width=\"113\" height=\"74\" srcset=\"https:\/\/naturdent.eu\/wp-content\/uploads\/2019\/10\/CrueltyFreeVeganLogo_CMYK_300-e1570188504696-200x131.jpg 200w, https:\/\/naturdent.eu\/wp-content\/uploads\/2019\/10\/CrueltyFreeVeganLogo_CMYK_300-e1570188504696-300x196.jpg 300w, https:\/\/naturdent.eu\/wp-content\/uploads\/2019\/10\/CrueltyFreeVeganLogo_CMYK_300-e1570188504696-400x261.jpg 400w, https:\/\/naturdent.eu\/wp-content\/uploads\/2019\/10\/CrueltyFreeVeganLogo_CMYK_300-e1570188504696-600x392.jpg 600w, https:\/\/naturdent.eu\/wp-content\/uploads\/2019\/10\/CrueltyFreeVeganLogo_CMYK_300-e1570188504696-768x502.jpg 768w, https:\/\/naturdent.eu\/wp-content\/uploads\/2019\/10\/CrueltyFreeVeganLogo_CMYK_300-e1570188504696-800x523.jpg 800w, https:\/\/naturdent.eu\/wp-content\/uploads\/2019\/10\/CrueltyFreeVeganLogo_CMYK_300-e1570188504696.jpg 921w\" sizes=\"(max-width: 113px) 100vw, 113px\" \/>&#8211; <a href=\"http:\/\/features.peta.org\/cruelty-free-company-search\/cruelty_free_companies_company.aspx?Com_Id=7785\" target=\"_blank\" rel=\"noopener noreferrer\">Mehr Infos<\/a><\/p>\n<\/div><div class=\"fusion-clearfix\"><\/div><\/div><\/div><\/div><\/div><div class=\"fusion-fullwidth fullwidth-box fusion-builder-row-6 nonhundred-percent-fullwidth non-hundred-percent-height-scrolling\" style=\"--awb-border-radius-top-left:0px;--awb-border-radius-top-right:0px;--awb-border-radius-bottom-right:0px;--awb-border-radius-bottom-left:0px;--awb-flex-wrap:wrap;\" ><div class=\"fusion-builder-row fusion-row\"><div class=\"fusion-layout-column fusion_builder_column fusion-builder-column-9 fusion_builder_column_1_1 1_1 fusion-one-full fusion-column-first fusion-column-last fusion-animated\" style=\"--awb-bg-size:cover;\" data-animationType=\"fadeInUp\" data-animationDuration=\"0.5\" data-animationOffset=\"top-into-view\"><div class=\"fusion-column-wrapper fusion-column-has-shadow fusion-flex-column-wrapper-legacy\"><div class=\"fusion-image-element fusion-image-align-center in-legacy-container\" style=\"text-align:center;--awb-max-width:400px;--awb-caption-title-font-family:var(--h2_typography-font-family);--awb-caption-title-font-weight:var(--h2_typography-font-weight);--awb-caption-title-font-style:var(--h2_typography-font-style);--awb-caption-title-size:var(--h2_typography-font-size);--awb-caption-title-transform:var(--h2_typography-text-transform);--awb-caption-title-line-height:var(--h2_typography-line-height);--awb-caption-title-letter-spacing:var(--h2_typography-letter-spacing);\"><div class=\"imageframe-align-center\"><span class=\" fusion-imageframe imageframe-none imageframe-5 hover-type-none\"><img decoding=\"async\" width=\"768\" height=\"996\" title=\"Mila_ bei Benefits\" src=\"https:\/\/naturdent.eu\/wp-content\/uploads\/2019\/08\/Mila_-bei-Benefits.jpg\" alt class=\"img-responsive wp-image-285\" srcset=\"https:\/\/naturdent.eu\/wp-content\/uploads\/2019\/08\/Mila_-bei-Benefits-200x259.jpg 200w, https:\/\/naturdent.eu\/wp-content\/uploads\/2019\/08\/Mila_-bei-Benefits-400x519.jpg 400w, https:\/\/naturdent.eu\/wp-content\/uploads\/2019\/08\/Mila_-bei-Benefits-600x778.jpg 600w, https:\/\/naturdent.eu\/wp-content\/uploads\/2019\/08\/Mila_-bei-Benefits.jpg 768w\" sizes=\"(max-width: 800px) 100vw, 768px\" \/><\/span><\/div><\/div><div class=\"fusion-text fusion-text-6\"><p style=\"text-align: center;\">Unser B\u00fcrohund \u201eMila\u201c w\u00fcrde Tierversuche niemals<br \/>\nzulassen!<\/p>\n<\/div><div class=\"fusion-button-wrapper fusion-aligncenter\"><a class=\"fusion-button button-flat fusion-button-default-size button-custom fusion-button-default button-1 fusion-button-default-span fusion-button-default-type\" style=\"--button_accent_color:#ffffff;--button_accent_hover_color:#ffffff;--button_border_hover_color:#ffffff;--button-border-radius-top-left:25px;--button-border-radius-top-right:25px;--button-border-radius-bottom-right:25px;--button-border-radius-bottom-left:25px;--button_gradient_top_color:#81b304;--button_gradient_bottom_color:#81b304;--button_gradient_top_color_hover:#ecb00e;--button_gradient_bottom_color_hover:#ecb00e;\" target=\"_self\" href=\"https:\/\/naturdent.eu\/de\/\"><span class=\"fusion-button-text awb-button__text awb-button__text--default\">Home<\/span><\/a><\/div><div class=\"fusion-clearfix\"><\/div><\/div><\/div><\/div><\/div><\/p>\n","protected":false},"excerpt":{"rendered":"","protected":false},"author":1,"featured_media":0,"parent":0,"menu_order":30,"comment_status":"closed","ping_status":"closed","template":"","meta":{"footnotes":""},"class_list":["post-58","page","type-page","status-publish","hentry"],"_links":{"self":[{"href":"https:\/\/naturdent.eu\/de\/wp-json\/wp\/v2\/pages\/58","targetHints":{"allow":["GET"]}}],"collection":[{"href":"https:\/\/naturdent.eu\/de\/wp-json\/wp\/v2\/pages"}],"about":[{"href":"https:\/\/naturdent.eu\/de\/wp-json\/wp\/v2\/types\/page"}],"author":[{"embeddable":true,"href":"https:\/\/naturdent.eu\/de\/wp-json\/wp\/v2\/users\/1"}],"replies":[{"embeddable":true,"href":"https:\/\/naturdent.eu\/de\/wp-json\/wp\/v2\/comments?post=58"}],"version-history":[{"count":0,"href":"https:\/\/naturdent.eu\/de\/wp-json\/wp\/v2\/pages\/58\/revisions"}],"wp:attachment":[{"href":"https:\/\/naturdent.eu\/de\/wp-json\/wp\/v2\/media?parent=58"}],"curies":[{"name":"wp","href":"https:\/\/api.w.org\/{rel}","templated":true}]}}