{"id":57,"date":"2019-08-05T10:20:27","date_gmt":"2019-08-05T10:20:27","guid":{"rendered":"https:\/\/naturdent.eu\/reinigungstabletten\/"},"modified":"2026-03-23T15:07:03","modified_gmt":"2026-03-23T13:07:03","slug":"reinigungstabletten","status":"publish","type":"page","link":"https:\/\/naturdent.eu\/de\/reinigungstabletten\/","title":{"rendered":"Reinigungstabletten"},"content":{"rendered":"<p><div class=\"fusion-fullwidth fullwidth-box fusion-builder-row-1 nonhundred-percent-fullwidth non-hundred-percent-height-scrolling\" style=\"--awb-border-radius-top-left:0px;--awb-border-radius-top-right:0px;--awb-border-radius-bottom-right:0px;--awb-border-radius-bottom-left:0px;--awb-margin-bottom:75px;--awb-flex-wrap:wrap;\" ><div class=\"fusion-builder-row fusion-row\"><div class=\"fusion-layout-column fusion_builder_column fusion-builder-column-0 fusion_builder_column_1_1 1_1 fusion-one-full fusion-column-first fusion-column-last fusion-animated\" style=\"--awb-bg-size:cover;\" data-animationType=\"fadeInUp\" data-animationDuration=\"0.5\" data-animationOffset=\"top-into-view\"><div class=\"fusion-column-wrapper fusion-column-has-shadow fusion-flex-column-wrapper-legacy\"><div class=\"fusion-title title fusion-title-1 sep-underline sep-solid fusion-title-text fusion-title-size-two\" style=\"--awb-text-color:#8bc34a;--awb-margin-top-small:0px;--awb-margin-right-small:0px;--awb-margin-bottom-small:20px;--awb-margin-left-small:0px;\"><h2 class=\"fusion-title-heading title-heading-left\" style=\"margin:0;\">Reinigungstabletten<\/h2><\/div><div class=\"fusion-text fusion-text-1\"><p style=\"text-align: left;\">Um das perfekte Reinigungsergebnis zu erzielen, empfehlen wir Ihnen die NaturDent Reinigungstabletten zu verwenden. Die schonende pH9 Pflegeformel verhindert Verf\u00e4rbungen der Metall- und der Acrylteilen. Die kurze Reinigungsdauer verhindert die langfristige Einweichung Ihres Zahnersatzes. Die NaturDent Reinigungstabletten eignen sich hervorragend f\u00fcr Voll- oder Teilprothesen.<\/p>\n<\/div><div class=\"fusion-clearfix\"><\/div><\/div><\/div><div class=\"fusion-layout-column fusion_builder_column fusion-builder-column-1 fusion_builder_column_1_3 1_3 fusion-one-third fusion-column-first fusion-animated\" style=\"--awb-bg-size:cover;width:33.333333333333%;width:calc(33.333333333333% - ( ( 4% ) * 0.33333333333333 ) );margin-right: 4%;\" data-animationType=\"fadeInUp\" data-animationDuration=\"0.5\" data-animationOffset=\"top-into-view\"><div class=\"fusion-column-wrapper fusion-column-has-shadow fusion-flex-column-wrapper-legacy\"><div class=\"fusion-image-element fusion-image-align-center in-legacy-container\" style=\"text-align:center;--awb-caption-title-font-family:var(--h2_typography-font-family);--awb-caption-title-font-weight:var(--h2_typography-font-weight);--awb-caption-title-font-style:var(--h2_typography-font-style);--awb-caption-title-size:var(--h2_typography-font-size);--awb-caption-title-transform:var(--h2_typography-text-transform);--awb-caption-title-line-height:var(--h2_typography-line-height);--awb-caption-title-letter-spacing:var(--h2_typography-letter-spacing);\"><div class=\"imageframe-align-center\"><span class=\" fusion-imageframe imageframe-none imageframe-1 hover-type-none\"><img decoding=\"async\" width=\"300\" height=\"300\" title=\"tabs_DE\" src=\"https:\/\/naturdent.eu\/wp-content\/uploads\/2026\/03\/tabs_DE-300x300.png\" alt class=\"img-responsive wp-image-1272\" srcset=\"https:\/\/naturdent.eu\/wp-content\/uploads\/2026\/03\/tabs_DE-200x200.png 200w, https:\/\/naturdent.eu\/wp-content\/uploads\/2026\/03\/tabs_DE-400x400.png 400w, https:\/\/naturdent.eu\/wp-content\/uploads\/2026\/03\/tabs_DE.png 600w\" sizes=\"(max-width: 800px) 100vw, 400px\" \/><\/span><\/div><\/div><div class=\"fusion-text fusion-text-2\"><p style=\"text-align: center;\">NaturDent Reinigungstabletten 48 Stk.<\/p>\n<\/div><div class=\"fusion-clearfix\"><\/div><\/div><\/div><div class=\"fusion-layout-column fusion_builder_column fusion-builder-column-2 fusion_builder_column_2_3 2_3 fusion-two-third fusion-column-last fusion-animated\" style=\"--awb-bg-size:cover;width:66.666666666667%;width:calc(66.666666666667% - ( ( 4% ) * 0.66666666666667 ) );\" data-animationType=\"fadeInUp\" data-animationDuration=\"0.5\" data-animationOffset=\"top-into-view\"><div class=\"fusion-column-wrapper fusion-column-has-shadow fusion-flex-column-wrapper-legacy\"><div class=\"fusion-text fusion-text-3\"><p><strong>Der Vorteil von pH9:<\/strong><\/p>\n<ul>\n<li>Entfernt die wasserunl\u00f6slichen R\u00fcckst\u00e4nde der NaturDent Haftcreme<\/li>\n<li>Reinigt Zahnprothesen und Zahnspangen<\/li>\n<li>Keine Korrosion von Metallteilen<\/li>\n<li>Keine Verf\u00e4rbung von Acrylteilen<\/li>\n<li>Zur t\u00e4glichen Reinigung Ihrer Zahnprothese geeignet<\/li>\n<\/ul>\n<\/div><div class=\"fusion-builder-row fusion-builder-row-inner fusion-row\"><div class=\"fusion-layout-column fusion_builder_column_inner fusion-builder-nested-column-0 fusion_builder_column_inner_1_2 1_2 fusion-one-half fusion-column-first no-margin\" style=\"--awb-bg-size:cover;width:50%;width:calc(50% - ( ( 4% ) * 0.5 ) );margin-right: 4%;\"><div class=\"fusion-column-wrapper fusion-column-has-shadow fusion-flex-column-wrapper-legacy\"><div class=\"fusion-image-element fusion-image-align-center in-legacy-container\" style=\"text-align:center;--awb-caption-title-font-family:var(--h2_typography-font-family);--awb-caption-title-font-weight:var(--h2_typography-font-weight);--awb-caption-title-font-style:var(--h2_typography-font-style);--awb-caption-title-size:var(--h2_typography-font-size);--awb-caption-title-transform:var(--h2_typography-text-transform);--awb-caption-title-line-height:var(--h2_typography-line-height);--awb-caption-title-letter-spacing:var(--h2_typography-letter-spacing);\"><div class=\"imageframe-align-center\"><span class=\" fusion-imageframe imageframe-none imageframe-2 hover-type-none\"><img decoding=\"async\" width=\"1024\" height=\"294\" title=\"Mobile Ansicht_1\" src=\"https:\/\/naturdent.eu\/wp-content\/uploads\/2019\/09\/Mobile-Ansicht_1-1024x294.jpg\" alt class=\"img-responsive wp-image-924\" srcset=\"https:\/\/naturdent.eu\/wp-content\/uploads\/2019\/09\/Mobile-Ansicht_1-200x57.jpg 200w, https:\/\/naturdent.eu\/wp-content\/uploads\/2019\/09\/Mobile-Ansicht_1-400x115.jpg 400w, https:\/\/naturdent.eu\/wp-content\/uploads\/2019\/09\/Mobile-Ansicht_1-600x172.jpg 600w, https:\/\/naturdent.eu\/wp-content\/uploads\/2019\/09\/Mobile-Ansicht_1-800x230.jpg 800w, https:\/\/naturdent.eu\/wp-content\/uploads\/2019\/09\/Mobile-Ansicht_1-1200x345.jpg 1200w\" sizes=\"(max-width: 800px) 100vw, 600px\" \/><\/span><\/div><\/div><div class=\"fusion-clearfix\"><\/div><\/div><\/div><div class=\"fusion-layout-column fusion_builder_column_inner fusion-builder-nested-column-1 fusion_builder_column_inner_1_2 1_2 fusion-one-half fusion-column-last no-margin\" style=\"--awb-bg-size:cover;width:50%;width:calc(50% - ( ( 4% ) * 0.5 ) );\"><div class=\"fusion-column-wrapper fusion-column-has-shadow fusion-flex-column-wrapper-legacy\"><div class=\"fusion-image-element fusion-image-align-center in-legacy-container\" style=\"text-align:center;--awb-caption-title-font-family:var(--h2_typography-font-family);--awb-caption-title-font-weight:var(--h2_typography-font-weight);--awb-caption-title-font-style:var(--h2_typography-font-style);--awb-caption-title-size:var(--h2_typography-font-size);--awb-caption-title-transform:var(--h2_typography-text-transform);--awb-caption-title-line-height:var(--h2_typography-line-height);--awb-caption-title-letter-spacing:var(--h2_typography-letter-spacing);\"><div class=\"imageframe-align-center\"><span class=\" fusion-imageframe imageframe-none imageframe-3 hover-type-none\"><img decoding=\"async\" width=\"1024\" height=\"295\" title=\"Mobile Ansicht_2\" src=\"https:\/\/naturdent.eu\/wp-content\/uploads\/2019\/09\/Mobile-Ansicht_2-1024x295.jpg\" alt class=\"img-responsive wp-image-926\" srcset=\"https:\/\/naturdent.eu\/wp-content\/uploads\/2019\/09\/Mobile-Ansicht_2-200x58.jpg 200w, https:\/\/naturdent.eu\/wp-content\/uploads\/2019\/09\/Mobile-Ansicht_2-400x115.jpg 400w, https:\/\/naturdent.eu\/wp-content\/uploads\/2019\/09\/Mobile-Ansicht_2-600x173.jpg 600w, https:\/\/naturdent.eu\/wp-content\/uploads\/2019\/09\/Mobile-Ansicht_2-800x230.jpg 800w, https:\/\/naturdent.eu\/wp-content\/uploads\/2019\/09\/Mobile-Ansicht_2-1200x345.jpg 1200w\" sizes=\"(max-width: 800px) 100vw, 600px\" \/><\/span><\/div><\/div><div class=\"fusion-clearfix\"><\/div><\/div><\/div><\/div><div class=\"fusion-clearfix\"><\/div><\/div><\/div><\/div><\/div><div class=\"fusion-fullwidth fullwidth-box fusion-builder-row-2 nonhundred-percent-fullwidth non-hundred-percent-height-scrolling\" style=\"--awb-border-radius-top-left:0px;--awb-border-radius-top-right:0px;--awb-border-radius-bottom-right:0px;--awb-border-radius-bottom-left:0px;--awb-margin-bottom:75px;--awb-flex-wrap:wrap;\" ><div class=\"fusion-builder-row fusion-row\"><div class=\"fusion-layout-column fusion_builder_column fusion-builder-column-3 fusion_builder_column_1_1 1_1 fusion-one-full fusion-column-first fusion-column-last fusion-animated\" style=\"--awb-bg-size:cover;\" data-animationType=\"fadeInUp\" data-animationDuration=\"0.5\" data-animationOffset=\"top-into-view\"><div class=\"fusion-column-wrapper fusion-column-has-shadow fusion-flex-column-wrapper-legacy\"><div class=\"fusion-title title fusion-title-2 sep-underline sep-solid fusion-title-text fusion-title-size-two\" style=\"--awb-margin-bottom:50px;--awb-margin-top-small:0px;--awb-margin-right-small:0px;--awb-margin-bottom-small:20px;--awb-margin-left-small:0px;\"><h2 class=\"fusion-title-heading title-heading-left\" style=\"margin:0;\">Anwendung<\/h2><\/div><div class=\"fusion-builder-row fusion-builder-row-inner fusion-row\"><div class=\"fusion-layout-column fusion_builder_column_inner fusion-builder-nested-column-2 fusion_builder_column_inner_1_3 1_3 fusion-one-third fusion-column-first\" style=\"--awb-bg-size:cover;width:33.333333333333%;width:calc(33.333333333333% - ( ( 4% ) * 0.33333333333333 ) );margin-right: 4%;\"><div class=\"fusion-column-wrapper fusion-column-has-shadow fusion-flex-column-wrapper-legacy\"><div class=\"fusion-image-element fusion-image-align-center in-legacy-container\" style=\"text-align:center;--awb-caption-title-font-family:var(--h2_typography-font-family);--awb-caption-title-font-weight:var(--h2_typography-font-weight);--awb-caption-title-font-style:var(--h2_typography-font-style);--awb-caption-title-size:var(--h2_typography-font-size);--awb-caption-title-transform:var(--h2_typography-text-transform);--awb-caption-title-line-height:var(--h2_typography-line-height);--awb-caption-title-letter-spacing:var(--h2_typography-letter-spacing);\"><div class=\"imageframe-align-center\"><span class=\" fusion-imageframe imageframe-none imageframe-4 hover-type-none\"><img decoding=\"async\" width=\"199\" height=\"199\" title=\"Piktogramme_ Reinigungstabletten\" src=\"https:\/\/naturdent.eu\/wp-content\/uploads\/2019\/08\/Piktogramme_-Reinigungstabletten.png\" alt class=\"img-responsive wp-image-252\" srcset=\"https:\/\/naturdent.eu\/wp-content\/uploads\/2019\/08\/Piktogramme_-Reinigungstabletten-66x66.png 66w, https:\/\/naturdent.eu\/wp-content\/uploads\/2019\/08\/Piktogramme_-Reinigungstabletten-150x150.png 150w, https:\/\/naturdent.eu\/wp-content\/uploads\/2019\/08\/Piktogramme_-Reinigungstabletten.png 199w\" sizes=\"(max-width: 199px) 100vw, 199px\" \/><\/span><\/div><\/div><div class=\"fusion-clearfix\"><\/div><\/div><\/div><div class=\"fusion-layout-column fusion_builder_column_inner fusion-builder-nested-column-3 fusion_builder_column_inner_2_3 2_3 fusion-two-third fusion-column-last\" style=\"--awb-bg-size:cover;width:66.666666666667%;width:calc(66.666666666667% - ( ( 4% ) * 0.66666666666667 ) );\"><div class=\"fusion-column-wrapper fusion-column-has-shadow fusion-flex-column-wrapper-legacy\"><div class=\"fusion-text fusion-text-4\"><ol>\n<li>Zahnprothese unter flie\u00dfendem Wasser mit einer B\u00fcrste reinigen.<\/li>\n<li>Eine Reinigungstablette mit der Prothese in ein Glas warmes Wasser geben.<\/li>\n<li>Die Prothese ca. 10 Minuten in der Reinigungsl\u00f6sung lassen. Verwenden Sie die Reinigungstabletten t\u00e4glich.<\/li>\n<li>Prothese unter flie\u00dfendem Wasser absp\u00fclen und vor der n\u00e4chsten Verwendung gut trocknen.<\/li>\n<\/ol>\n<\/div><div class=\"fusion-text fusion-text-5\"><p><em>Achtung: Vor Kindern gesch\u00fctzt aufbewahren. Tablette und Reinigungsl\u00f6sung nicht in den Mund nehmen.<\/em><\/p>\n<\/div><div class=\"fusion-clearfix\"><\/div><\/div><\/div><\/div><div class=\"fusion-clearfix\"><\/div><\/div><\/div><\/div><\/div><div class=\"fusion-fullwidth fullwidth-box fusion-builder-row-3 nonhundred-percent-fullwidth non-hundred-percent-height-scrolling\" style=\"--awb-border-radius-top-left:0px;--awb-border-radius-top-right:0px;--awb-border-radius-bottom-right:0px;--awb-border-radius-bottom-left:0px;--awb-margin-bottom:75px;--awb-flex-wrap:wrap;\" ><div class=\"fusion-builder-row fusion-row\"><div class=\"fusion-layout-column fusion_builder_column fusion-builder-column-4 fusion_builder_column_1_1 1_1 fusion-one-full fusion-column-first fusion-column-last fusion-animated\" style=\"--awb-bg-size:cover;\" data-animationType=\"fadeInUp\" data-animationDuration=\"0.5\" data-animationOffset=\"top-into-view\"><div class=\"fusion-column-wrapper fusion-column-has-shadow fusion-flex-column-wrapper-legacy\"><div class=\"fusion-title title fusion-title-3 sep-underline sep-solid fusion-title-text fusion-title-size-two\" style=\"--awb-margin-top-small:0px;--awb-margin-right-small:0px;--awb-margin-bottom-small:20px;--awb-margin-left-small:0px;\"><h2 class=\"fusion-title-heading title-heading-left\" style=\"margin:0;\">Guter Rat<\/h2><\/div><div class=\"fusion-text fusion-text-6\"><p>Die h\u00e4ufigsten Fehler beim Reinigen:<\/p>\n<ul>\n<li><strong>Zahnpasta\u00a0<\/strong>verursacht mikroskopisch kleine Risse im Material, welche Bakterien beherbergen k\u00f6nnen. Das kann zu Mundgeruch oder Verf\u00e4rbung des Materials f\u00fchren.<\/li>\n<li><strong>Bleichmittel\u00a0<\/strong>k\u00f6nnen das Material por\u00f6s werden lassen und daraufhin eventuell leichter brechen. Au\u00dferdem kann es zu Verf\u00e4rbungen des Acryls f\u00fchren.<\/li>\n<li><strong>Einweichen:\u00a0<\/strong>Durch Liegenlassen in der Reinigungsl\u00f6sung kann es zur Korrosion der Metallteilen f\u00fchren. Nach dem Reinigen, Ihre Zahnprothese trocken in der Reinigungsdose aufbewahren.<\/li>\n<\/ul>\n<\/div><div class=\"fusion-button-wrapper fusion-aligncenter\"><a class=\"fusion-button button-flat fusion-button-default-size button-custom fusion-button-default button-1 fusion-button-default-span fusion-button-default-type\" style=\"--button_accent_color:#ffffff;--button_accent_hover_color:#ffffff;--button_border_hover_color:#ffffff;--button_gradient_top_color:#81b304;--button_gradient_bottom_color:#81b304;--button_gradient_top_color_hover:#ecb00e;--button_gradient_bottom_color_hover:#ecb00e;\" target=\"_self\" href=\"https:\/\/naturdent.eu\/de\/\"><span class=\"fusion-button-text awb-button__text awb-button__text--default\">Home<\/span><\/a><\/div><div class=\"fusion-clearfix\"><\/div><\/div><\/div><\/div><\/div><div class=\"fusion-fullwidth fullwidth-box fusion-builder-row-4 nonhundred-percent-fullwidth non-hundred-percent-height-scrolling\" style=\"--awb-border-radius-top-left:0px;--awb-border-radius-top-right:0px;--awb-border-radius-bottom-right:0px;--awb-border-radius-bottom-left:0px;--awb-flex-wrap:wrap;\" ><div class=\"fusion-builder-row fusion-row\"><div class=\"fusion-layout-column fusion_builder_column fusion-builder-column-5 fusion_builder_column_1_1 1_1 fusion-one-full fusion-column-first fusion-column-last fusion-animated\" style=\"--awb-bg-size:cover;\" data-animationType=\"fadeInUp\" data-animationDuration=\"0.5\" data-animationOffset=\"top-into-view\"><div class=\"fusion-column-wrapper fusion-column-has-shadow fusion-flex-column-wrapper-legacy\"><div class=\"fusion-title title fusion-title-4 sep-underline sep-solid fusion-title-text fusion-title-size-two\" style=\"--awb-margin-top-small:0px;--awb-margin-right-small:0px;--awb-margin-bottom-small:20px;--awb-margin-left-small:0px;\"><h2 class=\"fusion-title-heading title-heading-left\" style=\"margin:0;\">Entdecken Sie mehr:<\/h2><\/div><div class=\"fusion-clearfix\"><\/div><\/div><\/div><\/div><\/div><div class=\"fusion-fullwidth fullwidth-box fusion-builder-row-5 nonhundred-percent-fullwidth non-hundred-percent-height-scrolling fusion-equal-height-columns\" style=\"--awb-border-radius-top-left:0px;--awb-border-radius-top-right:0px;--awb-border-radius-bottom-right:0px;--awb-border-radius-bottom-left:0px;--awb-flex-wrap:wrap;\" ><div class=\"fusion-builder-row fusion-row\"><div class=\"fusion-layout-column fusion_builder_column fusion-builder-column-6 fusion_builder_column_1_3 1_3 fusion-one-third fusion-column-first fusion-animated\" style=\"--awb-bg-size:cover;width:33.333333333333%;width:calc(33.333333333333% - ( ( 4% + 4% ) * 0.33333333333333 ) );margin-right: 4%;\" data-animationType=\"fadeInUp\" data-animationDuration=\"0.5\" data-animationOffset=\"top-into-view\"><div class=\"fusion-column-wrapper fusion-column-has-shadow fusion-flex-column-wrapper-legacy\"><div class=\"fusion-image-element fusion-image-align-center in-legacy-container\" style=\"text-align:center;--awb-caption-title-font-family:var(--h2_typography-font-family);--awb-caption-title-font-weight:var(--h2_typography-font-weight);--awb-caption-title-font-style:var(--h2_typography-font-style);--awb-caption-title-size:var(--h2_typography-font-size);--awb-caption-title-transform:var(--h2_typography-text-transform);--awb-caption-title-line-height:var(--h2_typography-line-height);--awb-caption-title-letter-spacing:var(--h2_typography-letter-spacing);\"><div class=\"imageframe-align-center\"><span class=\" fusion-imageframe imageframe-none imageframe-5 hover-type-none\"><img decoding=\"async\" width=\"300\" height=\"300\" title=\"adhesive_2\" src=\"https:\/\/naturdent.eu\/wp-content\/uploads\/2026\/03\/adhesive_2-300x300.png\" alt class=\"img-responsive wp-image-1278\" srcset=\"https:\/\/naturdent.eu\/wp-content\/uploads\/2026\/03\/adhesive_2-200x200.png 200w, https:\/\/naturdent.eu\/wp-content\/uploads\/2026\/03\/adhesive_2-400x400.png 400w, https:\/\/naturdent.eu\/wp-content\/uploads\/2026\/03\/adhesive_2.png 600w\" sizes=\"(max-width: 800px) 100vw, 400px\" \/><\/span><\/div><\/div><div class=\"fusion-text fusion-text-7\"><p style=\"text-align: center;\"><a href=\"https:\/\/naturdent.eu\/de\/denture-adhesive\/\">NaturDent Haftcreme<\/a><\/p>\n<\/div><div class=\"fusion-clearfix\"><\/div><\/div><\/div><div class=\"fusion-layout-column fusion_builder_column fusion-builder-column-7 fusion_builder_column_1_3 1_3 fusion-one-third fusion-animated\" style=\"--awb-bg-size:cover;width:33.333333333333%;width:calc(33.333333333333% - ( ( 4% + 4% ) * 0.33333333333333 ) );margin-right: 4%;\" data-animationType=\"fadeInUp\" data-animationDuration=\"0.5\" data-animationOffset=\"top-into-view\"><div class=\"fusion-column-wrapper fusion-column-has-shadow fusion-flex-column-wrapper-legacy\"><div class=\"fusion-image-element fusion-image-align-center in-legacy-container\" style=\"text-align:center;--awb-caption-title-font-family:var(--h2_typography-font-family);--awb-caption-title-font-weight:var(--h2_typography-font-weight);--awb-caption-title-font-style:var(--h2_typography-font-style);--awb-caption-title-size:var(--h2_typography-font-size);--awb-caption-title-transform:var(--h2_typography-text-transform);--awb-caption-title-line-height:var(--h2_typography-line-height);--awb-caption-title-letter-spacing:var(--h2_typography-letter-spacing);\"><div class=\"imageframe-align-center\"><span class=\" fusion-imageframe imageframe-none imageframe-6 hover-type-none\"><img decoding=\"async\" width=\"300\" height=\"300\" title=\"Where to buy\" src=\"https:\/\/naturdent.eu\/wp-content\/uploads\/2019\/09\/Where-to-buy-300x300.png\" alt class=\"img-responsive wp-image-951\" srcset=\"https:\/\/naturdent.eu\/wp-content\/uploads\/2019\/09\/Where-to-buy-200x200.png 200w, https:\/\/naturdent.eu\/wp-content\/uploads\/2019\/09\/Where-to-buy-400x400.png 400w, https:\/\/naturdent.eu\/wp-content\/uploads\/2019\/09\/Where-to-buy-600x600.png 600w, https:\/\/naturdent.eu\/wp-content\/uploads\/2019\/09\/Where-to-buy.png 800w\" sizes=\"(max-width: 800px) 100vw, 400px\" \/><\/span><\/div><\/div><div class=\"fusion-text fusion-text-8\"><p style=\"text-align: center;\"><a href=\"https:\/\/naturdent.eu\/de\/wo-erhaeltlich\/\">Wo erh\u00e4ltlich<\/a><\/p>\n<\/div><div class=\"fusion-clearfix\"><\/div><\/div><\/div><div class=\"fusion-layout-column fusion_builder_column fusion-builder-column-8 fusion_builder_column_1_3 1_3 fusion-one-third fusion-column-last fusion-animated\" style=\"--awb-bg-size:cover;width:33.333333333333%;width:calc(33.333333333333% - ( ( 4% + 4% ) * 0.33333333333333 ) );\" data-animationType=\"fadeInLeft\" data-animationDuration=\"0.5\" data-animationOffset=\"top-into-view\"><div class=\"fusion-column-wrapper fusion-column-has-shadow fusion-flex-column-wrapper-legacy\"><div class=\"fusion-image-element fusion-image-align-center in-legacy-container\" style=\"text-align:center;--awb-caption-title-font-family:var(--h2_typography-font-family);--awb-caption-title-font-weight:var(--h2_typography-font-weight);--awb-caption-title-font-style:var(--h2_typography-font-style);--awb-caption-title-size:var(--h2_typography-font-size);--awb-caption-title-transform:var(--h2_typography-text-transform);--awb-caption-title-line-height:var(--h2_typography-line-height);--awb-caption-title-letter-spacing:var(--h2_typography-letter-spacing);\"><div class=\"imageframe-align-center\"><span class=\" fusion-imageframe imageframe-none imageframe-7 hover-type-none\"><img decoding=\"async\" width=\"300\" height=\"300\" title=\"Need help\" src=\"https:\/\/naturdent.eu\/wp-content\/uploads\/2019\/08\/Need-help-300x300.png\" alt class=\"img-responsive wp-image-265\" srcset=\"https:\/\/naturdent.eu\/wp-content\/uploads\/2019\/08\/Need-help-200x200.png 200w, https:\/\/naturdent.eu\/wp-content\/uploads\/2019\/08\/Need-help-400x400.png 400w, https:\/\/naturdent.eu\/wp-content\/uploads\/2019\/08\/Need-help.png 510w\" sizes=\"(max-width: 800px) 100vw, 400px\" \/><\/span><\/div><\/div><div class=\"fusion-text fusion-text-9\"><p style=\"text-align: center;\"><a href=\"https:\/\/naturdent.eu\/de\/hilfe\/\">Ben\u00f6tigen Sie Hilfe?<\/a><\/p>\n<\/div><div class=\"fusion-clearfix\"><\/div><\/div><\/div><\/div><\/div><\/p>\n","protected":false},"excerpt":{"rendered":"","protected":false},"author":1,"featured_media":0,"parent":0,"menu_order":20,"comment_status":"closed","ping_status":"closed","template":"","meta":{"footnotes":""},"class_list":["post-57","page","type-page","status-publish","hentry"],"_links":{"self":[{"href":"https:\/\/naturdent.eu\/de\/wp-json\/wp\/v2\/pages\/57","targetHints":{"allow":["GET"]}}],"collection":[{"href":"https:\/\/naturdent.eu\/de\/wp-json\/wp\/v2\/pages"}],"about":[{"href":"https:\/\/naturdent.eu\/de\/wp-json\/wp\/v2\/types\/page"}],"author":[{"embeddable":true,"href":"https:\/\/naturdent.eu\/de\/wp-json\/wp\/v2\/users\/1"}],"replies":[{"embeddable":true,"href":"https:\/\/naturdent.eu\/de\/wp-json\/wp\/v2\/comments?post=57"}],"version-history":[{"count":5,"href":"https:\/\/naturdent.eu\/de\/wp-json\/wp\/v2\/pages\/57\/revisions"}],"predecessor-version":[{"id":1295,"href":"https:\/\/naturdent.eu\/de\/wp-json\/wp\/v2\/pages\/57\/revisions\/1295"}],"wp:attachment":[{"href":"https:\/\/naturdent.eu\/de\/wp-json\/wp\/v2\/media?parent=57"}],"curies":[{"name":"wp","href":"https:\/\/api.w.org\/{rel}","templated":true}]}}